{"id":3482,"date":"2023-11-14T16:03:04","date_gmt":"2023-11-14T14:03:04","guid":{"rendered":"https:\/\/www.gilplastic.com\/product\/sin categor\u00eda\/frasco-de-boca-ancha-250-ml-cuello-45-400-2\/"},"modified":"2023-11-14T16:03:04","modified_gmt":"2023-11-14T14:03:04","slug":"frasco-de-boca-ancha-250-ml-cuello-45-400-2","status":"publish","type":"product","link":"https:\/\/www.gilplastic.com\/es\/product\/frascos\/frascos-hdpe-de-boca-ancha\/frasco-de-boca-ancha-250-ml-cuello-45-400-2\/","title":{"rendered":"Frasco de boca ancha, 250 ml, cuello 45-400"},"content":{"rendered":"","protected":false},"excerpt":{"rendered":"","protected":false},"featured_media":0,"template":"","meta":{"_acf_changed":false},"product_brand":[],"product_cat":[86,151],"product_tag":[],"class_list":{"0":"post-3482","1":"product","2":"type-product","3":"status-publish","5":"product_cat-frascos","6":"product_cat-frascos-hdpe-de-boca-ancha","8":"first","9":"instock","10":"shipping-taxable","11":"product-type-simple"},"acf":[],"yoast_head":"<!-- This site is optimized with the Yoast SEO plugin v27.2 - https:\/\/yoast.com\/product\/yoast-seo-wordpress\/ -->\n<title>Frasco de boca ancha, 250 ml, cuello 45-400 - GilPack<\/title>\n<meta name=\"description\" content=\"Frasco de boca ancha de 30 ml, utilizado principalmente para llenado y envasado de medicamentos s\u00f3lidos y complementos alimenticios: comprimidos, c\u00e1psulas, geles blandos y m\u00e1s.\" \/>\n<meta name=\"robots\" content=\"index, follow, max-snippet:-1, max-image-preview:large, max-video-preview:-1\" \/>\n<link rel=\"canonical\" href=\"https:\/\/www.gilplastic.com\/product\/jars\/wide-mouth-hdpe-jars-en\/wide-mouth-jar-250ml-neck-45-400-2\/\" \/>\n<meta property=\"og:locale\" content=\"es_ES\" \/>\n<meta property=\"og:type\" content=\"article\" \/>\n<meta property=\"og:title\" content=\"Frasco de boca ancha, 250 ml, cuello 45-400 - GilPack\" \/>\n<meta property=\"og:description\" content=\"Frasco de boca ancha de 30 ml, utilizado principalmente para llenado y envasado de medicamentos s\u00f3lidos y complementos alimenticios: comprimidos, c\u00e1psulas, geles blandos y m\u00e1s.\" \/>\n<meta property=\"og:url\" content=\"https:\/\/www.gilplastic.com\/product\/jars\/wide-mouth-hdpe-jars-en\/wide-mouth-jar-250ml-neck-45-400-2\/\" \/>\n<meta property=\"og:site_name\" content=\"GilPack\" \/>\n<meta name=\"twitter:card\" content=\"summary_large_image\" \/>\n<script type=\"application\/ld+json\" class=\"yoast-schema-graph\">{\"@context\":\"https:\/\/schema.org\",\"@graph\":[{\"@type\":\"WebPage\",\"@id\":\"https:\/\/www.gilplastic.com\/product\/jars\/wide-mouth-hdpe-jars-en\/wide-mouth-jar-250ml-neck-45-400-2\/\",\"url\":\"https:\/\/www.gilplastic.com\/product\/jars\/wide-mouth-hdpe-jars-en\/wide-mouth-jar-250ml-neck-45-400-2\/\",\"name\":\"Frasco de boca ancha, 250 ml, cuello 45-400 - GilPack\",\"isPartOf\":{\"@id\":\"https:\/\/www.gilplastic.com\/#website\"},\"datePublished\":\"2023-11-14T14:03:04+00:00\",\"description\":\"Frasco de boca ancha de 30 ml, utilizado principalmente para llenado y envasado de medicamentos s\u00f3lidos y complementos alimenticios: comprimidos, c\u00e1psulas, geles blandos y m\u00e1s.\",\"breadcrumb\":{\"@id\":\"https:\/\/www.gilplastic.com\/product\/jars\/wide-mouth-hdpe-jars-en\/wide-mouth-jar-250ml-neck-45-400-2\/#breadcrumb\"},\"inLanguage\":\"es\",\"potentialAction\":[{\"@type\":\"ReadAction\",\"target\":[\"https:\/\/www.gilplastic.com\/product\/jars\/wide-mouth-hdpe-jars-en\/wide-mouth-jar-250ml-neck-45-400-2\/\"]}]},{\"@type\":\"BreadcrumbList\",\"@id\":\"https:\/\/www.gilplastic.com\/product\/jars\/wide-mouth-hdpe-jars-en\/wide-mouth-jar-250ml-neck-45-400-2\/#breadcrumb\",\"itemListElement\":[{\"@type\":\"ListItem\",\"position\":1,\"name\":\"Home\",\"item\":\"https:\/\/www.gilplastic.com\/es\/\"},{\"@type\":\"ListItem\",\"position\":2,\"name\":\"Products\",\"item\":\"https:\/\/www.gilplastic.com\/shop\/\"},{\"@type\":\"ListItem\",\"position\":3,\"name\":\"Frasco de boca ancha, 250 ml, cuello 45-400\"}]},{\"@type\":\"WebSite\",\"@id\":\"https:\/\/www.gilplastic.com\/#website\",\"url\":\"https:\/\/www.gilplastic.com\/\",\"name\":\"GilPack\",\"description\":\"\",\"publisher\":{\"@id\":\"https:\/\/www.gilplastic.com\/#organization\"},\"potentialAction\":[{\"@type\":\"SearchAction\",\"target\":{\"@type\":\"EntryPoint\",\"urlTemplate\":\"https:\/\/www.gilplastic.com\/?s={search_term_string}\"},\"query-input\":{\"@type\":\"PropertyValueSpecification\",\"valueRequired\":true,\"valueName\":\"search_term_string\"}}],\"inLanguage\":\"es\"},{\"@type\":\"Organization\",\"@id\":\"https:\/\/www.gilplastic.com\/#organization\",\"name\":\"GilPack\",\"url\":\"https:\/\/www.gilplastic.com\/\",\"logo\":{\"@type\":\"ImageObject\",\"inLanguage\":\"es\",\"@id\":\"https:\/\/www.gilplastic.com\/#\/schema\/logo\/image\/\",\"url\":\"https:\/\/www.gilplastic.com\/wp-content\/uploads\/2021\/06\/logo-e1623762470830.png\",\"contentUrl\":\"https:\/\/www.gilplastic.com\/wp-content\/uploads\/2021\/06\/logo-e1623762470830.png\",\"width\":164,\"height\":52,\"caption\":\"GilPack\"},\"image\":{\"@id\":\"https:\/\/www.gilplastic.com\/#\/schema\/logo\/image\/\"}}]}<\/script>\n<!-- \/ Yoast SEO plugin. -->","yoast_head_json":{"title":"Frasco de boca ancha, 250 ml, cuello 45-400 - GilPack","description":"Frasco de boca ancha de 30 ml, utilizado principalmente para llenado y envasado de medicamentos s\u00f3lidos y complementos alimenticios: comprimidos, c\u00e1psulas, geles blandos y m\u00e1s.","robots":{"index":"index","follow":"follow","max-snippet":"max-snippet:-1","max-image-preview":"max-image-preview:large","max-video-preview":"max-video-preview:-1"},"canonical":"https:\/\/www.gilplastic.com\/product\/jars\/wide-mouth-hdpe-jars-en\/wide-mouth-jar-250ml-neck-45-400-2\/","og_locale":"es_ES","og_type":"article","og_title":"Frasco de boca ancha, 250 ml, cuello 45-400 - GilPack","og_description":"Frasco de boca ancha de 30 ml, utilizado principalmente para llenado y envasado de medicamentos s\u00f3lidos y complementos alimenticios: comprimidos, c\u00e1psulas, geles blandos y m\u00e1s.","og_url":"https:\/\/www.gilplastic.com\/product\/jars\/wide-mouth-hdpe-jars-en\/wide-mouth-jar-250ml-neck-45-400-2\/","og_site_name":"GilPack","twitter_card":"summary_large_image","schema":{"@context":"https:\/\/schema.org","@graph":[{"@type":"WebPage","@id":"https:\/\/www.gilplastic.com\/product\/jars\/wide-mouth-hdpe-jars-en\/wide-mouth-jar-250ml-neck-45-400-2\/","url":"https:\/\/www.gilplastic.com\/product\/jars\/wide-mouth-hdpe-jars-en\/wide-mouth-jar-250ml-neck-45-400-2\/","name":"Frasco de boca ancha, 250 ml, cuello 45-400 - GilPack","isPartOf":{"@id":"https:\/\/www.gilplastic.com\/#website"},"datePublished":"2023-11-14T14:03:04+00:00","description":"Frasco de boca ancha de 30 ml, utilizado principalmente para llenado y envasado de medicamentos s\u00f3lidos y complementos alimenticios: comprimidos, c\u00e1psulas, geles blandos y m\u00e1s.","breadcrumb":{"@id":"https:\/\/www.gilplastic.com\/product\/jars\/wide-mouth-hdpe-jars-en\/wide-mouth-jar-250ml-neck-45-400-2\/#breadcrumb"},"inLanguage":"es","potentialAction":[{"@type":"ReadAction","target":["https:\/\/www.gilplastic.com\/product\/jars\/wide-mouth-hdpe-jars-en\/wide-mouth-jar-250ml-neck-45-400-2\/"]}]},{"@type":"BreadcrumbList","@id":"https:\/\/www.gilplastic.com\/product\/jars\/wide-mouth-hdpe-jars-en\/wide-mouth-jar-250ml-neck-45-400-2\/#breadcrumb","itemListElement":[{"@type":"ListItem","position":1,"name":"Home","item":"https:\/\/www.gilplastic.com\/es\/"},{"@type":"ListItem","position":2,"name":"Products","item":"https:\/\/www.gilplastic.com\/shop\/"},{"@type":"ListItem","position":3,"name":"Frasco de boca ancha, 250 ml, cuello 45-400"}]},{"@type":"WebSite","@id":"https:\/\/www.gilplastic.com\/#website","url":"https:\/\/www.gilplastic.com\/","name":"GilPack","description":"","publisher":{"@id":"https:\/\/www.gilplastic.com\/#organization"},"potentialAction":[{"@type":"SearchAction","target":{"@type":"EntryPoint","urlTemplate":"https:\/\/www.gilplastic.com\/?s={search_term_string}"},"query-input":{"@type":"PropertyValueSpecification","valueRequired":true,"valueName":"search_term_string"}}],"inLanguage":"es"},{"@type":"Organization","@id":"https:\/\/www.gilplastic.com\/#organization","name":"GilPack","url":"https:\/\/www.gilplastic.com\/","logo":{"@type":"ImageObject","inLanguage":"es","@id":"https:\/\/www.gilplastic.com\/#\/schema\/logo\/image\/","url":"https:\/\/www.gilplastic.com\/wp-content\/uploads\/2021\/06\/logo-e1623762470830.png","contentUrl":"https:\/\/www.gilplastic.com\/wp-content\/uploads\/2021\/06\/logo-e1623762470830.png","width":164,"height":52,"caption":"GilPack"},"image":{"@id":"https:\/\/www.gilplastic.com\/#\/schema\/logo\/image\/"}}]}},"_links":{"self":[{"href":"https:\/\/www.gilplastic.com\/es\/wp-json\/wp\/v2\/product\/3482","targetHints":{"allow":["GET"]}}],"collection":[{"href":"https:\/\/www.gilplastic.com\/es\/wp-json\/wp\/v2\/product"}],"about":[{"href":"https:\/\/www.gilplastic.com\/es\/wp-json\/wp\/v2\/types\/product"}],"wp:attachment":[{"href":"https:\/\/www.gilplastic.com\/es\/wp-json\/wp\/v2\/media?parent=3482"}],"wp:term":[{"taxonomy":"product_brand","embeddable":true,"href":"https:\/\/www.gilplastic.com\/es\/wp-json\/wp\/v2\/product_brand?post=3482"},{"taxonomy":"product_cat","embeddable":true,"href":"https:\/\/www.gilplastic.com\/es\/wp-json\/wp\/v2\/product_cat?post=3482"},{"taxonomy":"product_tag","embeddable":true,"href":"https:\/\/www.gilplastic.com\/es\/wp-json\/wp\/v2\/product_tag?post=3482"}],"curies":[{"name":"wp","href":"https:\/\/api.w.org\/{rel}","templated":true}]}}