{"id":2855,"date":"2023-01-01T17:25:41","date_gmt":"2023-01-01T15:25:41","guid":{"rendered":"https:\/\/www.gilplastic.com\/product\/sin%20categor\u00eda\/pastillero-pet-150ml\/"},"modified":"2023-03-09T19:20:23","modified_gmt":"2023-03-09T17:20:23","slug":"pastillero-pet-150ml","status":"publish","type":"product","link":"https:\/\/www.gilplastic.com\/es\/product\/frascos\/frascos-pet-pastilleros\/pastillero-pet-150ml\/","title":{"rendered":"Pastillero PET 150ml"},"content":{"rendered":"<h1><span style=\"font-weight: 400;\">Pastillero PET 150ml<\/span><\/h1>\n<p><span style=\"font-weight: 400;\">Frascos PET pastilleros de 150 ml, cuello 45-400, usados principalmente para envasar productos m\u00e9dicos s\u00f3lidos \u2013 pastillas, tabletas, c\u00e1psulas y softgels \u2013 y suplementos alimenticios.<\/span><\/p>\n","protected":false},"excerpt":{"rendered":"<p>Pastillero PET 150ml Frascos PET pastilleros de 150 ml, cuello 45-400, usados principalmente para envasar productos m\u00e9dicos s\u00f3lidos \u2013 pastillas, tabletas, c\u00e1psulas y softgels \u2013 y suplementos alimenticios.<\/p>\n","protected":false},"featured_media":0,"template":"","meta":{"_acf_changed":false},"product_brand":[],"product_cat":[86,150],"product_tag":[],"class_list":{"0":"post-2855","1":"product","2":"type-product","3":"status-publish","5":"product_cat-frascos","6":"product_cat-frascos-pet-pastilleros","8":"first","9":"instock","10":"shipping-taxable","11":"product-type-simple"},"acf":[],"yoast_head":"<!-- This site is optimized with the Yoast SEO plugin v27.2 - https:\/\/yoast.com\/product\/yoast-seo-wordpress\/ -->\n<title>&quot;Gilpack | Pastillero PET 150ml&quot;<\/title>\n<meta name=\"description\" content=\"Descubre los frascos PET pastilleros de 150 ml de Gilpack, con cuello 45-400, ideales para envasar productos m\u00e9dicos s\u00f3lidos como pastillas, tabletas, c\u00e1psulas y suplementos alimenticios.\" \/>\n<meta name=\"robots\" content=\"index, follow, max-snippet:-1, max-image-preview:large, max-video-preview:-1\" \/>\n<link rel=\"canonical\" href=\"https:\/\/www.gilplastic.com\/es\/product\/frascos\/frascos-pet-pastilleros\/pastillero-pet-150ml\/\" \/>\n<meta property=\"og:locale\" content=\"es_ES\" \/>\n<meta property=\"og:type\" content=\"article\" \/>\n<meta property=\"og:title\" content=\"&quot;Gilpack | Pastillero PET 150ml&quot;\" \/>\n<meta property=\"og:description\" content=\"Descubre los frascos PET pastilleros de 150 ml de Gilpack, con cuello 45-400, ideales para envasar productos m\u00e9dicos s\u00f3lidos como pastillas, tabletas, c\u00e1psulas y suplementos alimenticios.\" \/>\n<meta property=\"og:url\" content=\"https:\/\/www.gilplastic.com\/es\/product\/frascos\/frascos-pet-pastilleros\/pastillero-pet-150ml\/\" \/>\n<meta property=\"og:site_name\" content=\"GilPack\" \/>\n<meta property=\"article:modified_time\" content=\"2023-03-09T17:20:23+00:00\" \/>\n<meta name=\"twitter:card\" content=\"summary_large_image\" \/>\n<meta name=\"twitter:label1\" content=\"Tiempo de lectura\" \/>\n\t<meta name=\"twitter:data1\" content=\"1 minuto\" \/>\n<script type=\"application\/ld+json\" class=\"yoast-schema-graph\">{\"@context\":\"https:\/\/schema.org\",\"@graph\":[{\"@type\":\"WebPage\",\"@id\":\"https:\/\/www.gilplastic.com\/es\/product\/frascos\/frascos-pet-pastilleros\/pastillero-pet-150ml\/\",\"url\":\"https:\/\/www.gilplastic.com\/es\/product\/frascos\/frascos-pet-pastilleros\/pastillero-pet-150ml\/\",\"name\":\"\\\"Gilpack | Pastillero PET 150ml\\\"\",\"isPartOf\":{\"@id\":\"https:\/\/www.gilplastic.com\/#website\"},\"datePublished\":\"2023-01-01T15:25:41+00:00\",\"dateModified\":\"2023-03-09T17:20:23+00:00\",\"description\":\"Descubre los frascos PET pastilleros de 150 ml de Gilpack, con cuello 45-400, ideales para envasar productos m\u00e9dicos s\u00f3lidos como pastillas, tabletas, c\u00e1psulas y suplementos alimenticios.\",\"breadcrumb\":{\"@id\":\"https:\/\/www.gilplastic.com\/es\/product\/frascos\/frascos-pet-pastilleros\/pastillero-pet-150ml\/#breadcrumb\"},\"inLanguage\":\"es\",\"potentialAction\":[{\"@type\":\"ReadAction\",\"target\":[\"https:\/\/www.gilplastic.com\/es\/product\/frascos\/frascos-pet-pastilleros\/pastillero-pet-150ml\/\"]}]},{\"@type\":\"BreadcrumbList\",\"@id\":\"https:\/\/www.gilplastic.com\/es\/product\/frascos\/frascos-pet-pastilleros\/pastillero-pet-150ml\/#breadcrumb\",\"itemListElement\":[{\"@type\":\"ListItem\",\"position\":1,\"name\":\"Home\",\"item\":\"https:\/\/www.gilplastic.com\/es\/\"},{\"@type\":\"ListItem\",\"position\":2,\"name\":\"Products\",\"item\":\"https:\/\/www.gilplastic.com\/shop\/\"},{\"@type\":\"ListItem\",\"position\":3,\"name\":\"Pastillero PET 150ml\"}]},{\"@type\":\"WebSite\",\"@id\":\"https:\/\/www.gilplastic.com\/#website\",\"url\":\"https:\/\/www.gilplastic.com\/\",\"name\":\"GilPack\",\"description\":\"\",\"publisher\":{\"@id\":\"https:\/\/www.gilplastic.com\/#organization\"},\"potentialAction\":[{\"@type\":\"SearchAction\",\"target\":{\"@type\":\"EntryPoint\",\"urlTemplate\":\"https:\/\/www.gilplastic.com\/?s={search_term_string}\"},\"query-input\":{\"@type\":\"PropertyValueSpecification\",\"valueRequired\":true,\"valueName\":\"search_term_string\"}}],\"inLanguage\":\"es\"},{\"@type\":\"Organization\",\"@id\":\"https:\/\/www.gilplastic.com\/#organization\",\"name\":\"GilPack\",\"url\":\"https:\/\/www.gilplastic.com\/\",\"logo\":{\"@type\":\"ImageObject\",\"inLanguage\":\"es\",\"@id\":\"https:\/\/www.gilplastic.com\/#\/schema\/logo\/image\/\",\"url\":\"https:\/\/www.gilplastic.com\/wp-content\/uploads\/2021\/06\/logo-e1623762470830.png\",\"contentUrl\":\"https:\/\/www.gilplastic.com\/wp-content\/uploads\/2021\/06\/logo-e1623762470830.png\",\"width\":164,\"height\":52,\"caption\":\"GilPack\"},\"image\":{\"@id\":\"https:\/\/www.gilplastic.com\/#\/schema\/logo\/image\/\"}}]}<\/script>\n<!-- \/ Yoast SEO plugin. -->","yoast_head_json":{"title":"\"Gilpack | Pastillero PET 150ml\"","description":"Descubre los frascos PET pastilleros de 150 ml de Gilpack, con cuello 45-400, ideales para envasar productos m\u00e9dicos s\u00f3lidos como pastillas, tabletas, c\u00e1psulas y suplementos alimenticios.","robots":{"index":"index","follow":"follow","max-snippet":"max-snippet:-1","max-image-preview":"max-image-preview:large","max-video-preview":"max-video-preview:-1"},"canonical":"https:\/\/www.gilplastic.com\/es\/product\/frascos\/frascos-pet-pastilleros\/pastillero-pet-150ml\/","og_locale":"es_ES","og_type":"article","og_title":"\"Gilpack | Pastillero PET 150ml\"","og_description":"Descubre los frascos PET pastilleros de 150 ml de Gilpack, con cuello 45-400, ideales para envasar productos m\u00e9dicos s\u00f3lidos como pastillas, tabletas, c\u00e1psulas y suplementos alimenticios.","og_url":"https:\/\/www.gilplastic.com\/es\/product\/frascos\/frascos-pet-pastilleros\/pastillero-pet-150ml\/","og_site_name":"GilPack","article_modified_time":"2023-03-09T17:20:23+00:00","twitter_card":"summary_large_image","twitter_misc":{"Tiempo de lectura":"1 minuto"},"schema":{"@context":"https:\/\/schema.org","@graph":[{"@type":"WebPage","@id":"https:\/\/www.gilplastic.com\/es\/product\/frascos\/frascos-pet-pastilleros\/pastillero-pet-150ml\/","url":"https:\/\/www.gilplastic.com\/es\/product\/frascos\/frascos-pet-pastilleros\/pastillero-pet-150ml\/","name":"\"Gilpack | Pastillero PET 150ml\"","isPartOf":{"@id":"https:\/\/www.gilplastic.com\/#website"},"datePublished":"2023-01-01T15:25:41+00:00","dateModified":"2023-03-09T17:20:23+00:00","description":"Descubre los frascos PET pastilleros de 150 ml de Gilpack, con cuello 45-400, ideales para envasar productos m\u00e9dicos s\u00f3lidos como pastillas, tabletas, c\u00e1psulas y suplementos alimenticios.","breadcrumb":{"@id":"https:\/\/www.gilplastic.com\/es\/product\/frascos\/frascos-pet-pastilleros\/pastillero-pet-150ml\/#breadcrumb"},"inLanguage":"es","potentialAction":[{"@type":"ReadAction","target":["https:\/\/www.gilplastic.com\/es\/product\/frascos\/frascos-pet-pastilleros\/pastillero-pet-150ml\/"]}]},{"@type":"BreadcrumbList","@id":"https:\/\/www.gilplastic.com\/es\/product\/frascos\/frascos-pet-pastilleros\/pastillero-pet-150ml\/#breadcrumb","itemListElement":[{"@type":"ListItem","position":1,"name":"Home","item":"https:\/\/www.gilplastic.com\/es\/"},{"@type":"ListItem","position":2,"name":"Products","item":"https:\/\/www.gilplastic.com\/shop\/"},{"@type":"ListItem","position":3,"name":"Pastillero PET 150ml"}]},{"@type":"WebSite","@id":"https:\/\/www.gilplastic.com\/#website","url":"https:\/\/www.gilplastic.com\/","name":"GilPack","description":"","publisher":{"@id":"https:\/\/www.gilplastic.com\/#organization"},"potentialAction":[{"@type":"SearchAction","target":{"@type":"EntryPoint","urlTemplate":"https:\/\/www.gilplastic.com\/?s={search_term_string}"},"query-input":{"@type":"PropertyValueSpecification","valueRequired":true,"valueName":"search_term_string"}}],"inLanguage":"es"},{"@type":"Organization","@id":"https:\/\/www.gilplastic.com\/#organization","name":"GilPack","url":"https:\/\/www.gilplastic.com\/","logo":{"@type":"ImageObject","inLanguage":"es","@id":"https:\/\/www.gilplastic.com\/#\/schema\/logo\/image\/","url":"https:\/\/www.gilplastic.com\/wp-content\/uploads\/2021\/06\/logo-e1623762470830.png","contentUrl":"https:\/\/www.gilplastic.com\/wp-content\/uploads\/2021\/06\/logo-e1623762470830.png","width":164,"height":52,"caption":"GilPack"},"image":{"@id":"https:\/\/www.gilplastic.com\/#\/schema\/logo\/image\/"}}]}},"_links":{"self":[{"href":"https:\/\/www.gilplastic.com\/es\/wp-json\/wp\/v2\/product\/2855","targetHints":{"allow":["GET"]}}],"collection":[{"href":"https:\/\/www.gilplastic.com\/es\/wp-json\/wp\/v2\/product"}],"about":[{"href":"https:\/\/www.gilplastic.com\/es\/wp-json\/wp\/v2\/types\/product"}],"wp:attachment":[{"href":"https:\/\/www.gilplastic.com\/es\/wp-json\/wp\/v2\/media?parent=2855"}],"wp:term":[{"taxonomy":"product_brand","embeddable":true,"href":"https:\/\/www.gilplastic.com\/es\/wp-json\/wp\/v2\/product_brand?post=2855"},{"taxonomy":"product_cat","embeddable":true,"href":"https:\/\/www.gilplastic.com\/es\/wp-json\/wp\/v2\/product_cat?post=2855"},{"taxonomy":"product_tag","embeddable":true,"href":"https:\/\/www.gilplastic.com\/es\/wp-json\/wp\/v2\/product_tag?post=2855"}],"curies":[{"name":"wp","href":"https:\/\/api.w.org\/{rel}","templated":true}]}}