{"id":2730,"date":"2022-12-18T10:14:53","date_gmt":"2022-12-18T08:14:53","guid":{"rendered":"https:\/\/www.gilplastic.com\/product\/sin%20categor\u00eda\/tapa-a-prueba-de-ninos-70-400\/"},"modified":"2024-03-17T14:47:51","modified_gmt":"2024-03-17T12:47:51","slug":"tapa-a-prueba-de-ninos-70-400","status":"publish","type":"product","link":"https:\/\/www.gilplastic.com\/es\/product\/tapas-es\/tapa-con-proteccion-infantil-para-frascos-y-botellas-de-plastico\/tapa-a-prueba-de-ninos-70-400\/","title":{"rendered":"Tapa a prueba de ni\u00f1os 70-400"},"content":{"rendered":"<p>La soluci\u00f3n perfecta para cerrar productos que requieren envases a prueba de ni\u00f1os tales como productos de hierro, productos de canabis medicinal y otros.<\/p>\n<p>Esta tapa de pl\u00e1stico de boca ancha se adapta a nuestros frasco de <a href=\"https:\/\/www.gilplastic.com\/es\/product\/frascos\/frascos-cilindricos-de-boca-ancha-con-tapa-a-rosca\/frascos-de-plastico-de-boca-ancha-250-ml-cuello-70-400\/\"><strong>HDPE de 250ml 70mm<\/strong><\/a> y se puede combinar con varios tipos de <a href=\"https:\/\/www.gilplastic.com\/es\/categoria-producto\/accesorios\/discos-de-sellado-y-revestimientos-para-cierres-y-tapas\/\">sellos y liners<\/a> para proporcionar un producto completamente sellado, a prueba de ni\u00f1os y a prueba de manipulaciones. Tambi\u00e9n es adecuado para tarros de vidrio y se puede fabricar en una amplia gama de colores.<\/p>\n<p>Nos comprometemos a un plazo de entrega corto al enviar su pedido de cierres CRC en tan s\u00f3lo 3 semanas.<\/p>\n","protected":false},"excerpt":{"rendered":"<p>La soluci\u00f3n perfecta para cerrar productos que requieren envases a prueba de ni\u00f1os tales como productos de hierro, productos de canabis medicinal y otros. Esta tapa de pl\u00e1stico de boca ancha se adapta a nuestros frasco de HDPE de 250ml 70mm y se puede combinar con varios tipos de sellos y liners para proporcionar un [&hellip;]<\/p>\n","protected":false},"featured_media":0,"template":"","meta":{"_acf_changed":false},"product_brand":[],"product_cat":[87,116],"product_tag":[],"class_list":{"0":"post-2730","1":"product","2":"type-product","3":"status-publish","5":"product_cat-tapas-es","6":"product_cat-tapa-con-proteccion-infantil-para-frascos-y-botellas-de-plastico","8":"first","9":"instock","10":"shipping-taxable","11":"product-type-simple"},"acf":[],"yoast_head":"<!-- This site is optimized with the Yoast SEO plugin v27.2 - https:\/\/yoast.com\/product\/yoast-seo-wordpress\/ -->\n<title>Gilpack | Tapa a prueba de ni\u00f1os 70-400<\/title>\n<meta name=\"description\" content=\"Nuestras tapas a prueba de ni\u00f1os 70-400 son la opci\u00f3n ideal para garantizar la seguridad de tus productos. Pide ahora y conf\u00eda en la calidad que ofrece Gilpack.\" \/>\n<meta name=\"robots\" content=\"index, follow, max-snippet:-1, max-image-preview:large, max-video-preview:-1\" \/>\n<link rel=\"canonical\" href=\"https:\/\/www.gilplastic.com\/es\/product\/tapas-es\/tapa-con-proteccion-infantil-para-frascos-y-botellas-de-plastico\/tapa-a-prueba-de-ninos-70-400\/\" \/>\n<meta property=\"og:locale\" content=\"es_ES\" \/>\n<meta property=\"og:type\" content=\"article\" \/>\n<meta property=\"og:title\" content=\"Gilpack | Tapa a prueba de ni\u00f1os 70-400\" \/>\n<meta property=\"og:description\" content=\"Nuestras tapas a prueba de ni\u00f1os 70-400 son la opci\u00f3n ideal para garantizar la seguridad de tus productos. Pide ahora y conf\u00eda en la calidad que ofrece Gilpack.\" \/>\n<meta property=\"og:url\" content=\"https:\/\/www.gilplastic.com\/es\/product\/tapas-es\/tapa-con-proteccion-infantil-para-frascos-y-botellas-de-plastico\/tapa-a-prueba-de-ninos-70-400\/\" \/>\n<meta property=\"og:site_name\" content=\"GilPack\" \/>\n<meta property=\"article:modified_time\" content=\"2024-03-17T12:47:51+00:00\" \/>\n<meta name=\"twitter:card\" content=\"summary_large_image\" \/>\n<meta name=\"twitter:label1\" content=\"Tiempo de lectura\" \/>\n\t<meta name=\"twitter:data1\" content=\"1 minuto\" \/>\n<script type=\"application\/ld+json\" class=\"yoast-schema-graph\">{\"@context\":\"https:\/\/schema.org\",\"@graph\":[{\"@type\":\"WebPage\",\"@id\":\"https:\/\/www.gilplastic.com\/es\/product\/tapas-es\/tapa-con-proteccion-infantil-para-frascos-y-botellas-de-plastico\/tapa-a-prueba-de-ninos-70-400\/\",\"url\":\"https:\/\/www.gilplastic.com\/es\/product\/tapas-es\/tapa-con-proteccion-infantil-para-frascos-y-botellas-de-plastico\/tapa-a-prueba-de-ninos-70-400\/\",\"name\":\"Gilpack | Tapa a prueba de ni\u00f1os 70-400\",\"isPartOf\":{\"@id\":\"https:\/\/www.gilplastic.com\/#website\"},\"datePublished\":\"2022-12-18T08:14:53+00:00\",\"dateModified\":\"2024-03-17T12:47:51+00:00\",\"description\":\"Nuestras tapas a prueba de ni\u00f1os 70-400 son la opci\u00f3n ideal para garantizar la seguridad de tus productos. Pide ahora y conf\u00eda en la calidad que ofrece Gilpack.\",\"breadcrumb\":{\"@id\":\"https:\/\/www.gilplastic.com\/es\/product\/tapas-es\/tapa-con-proteccion-infantil-para-frascos-y-botellas-de-plastico\/tapa-a-prueba-de-ninos-70-400\/#breadcrumb\"},\"inLanguage\":\"es\",\"potentialAction\":[{\"@type\":\"ReadAction\",\"target\":[\"https:\/\/www.gilplastic.com\/es\/product\/tapas-es\/tapa-con-proteccion-infantil-para-frascos-y-botellas-de-plastico\/tapa-a-prueba-de-ninos-70-400\/\"]}]},{\"@type\":\"BreadcrumbList\",\"@id\":\"https:\/\/www.gilplastic.com\/es\/product\/tapas-es\/tapa-con-proteccion-infantil-para-frascos-y-botellas-de-plastico\/tapa-a-prueba-de-ninos-70-400\/#breadcrumb\",\"itemListElement\":[{\"@type\":\"ListItem\",\"position\":1,\"name\":\"Home\",\"item\":\"https:\/\/www.gilplastic.com\/es\/\"},{\"@type\":\"ListItem\",\"position\":2,\"name\":\"Products\",\"item\":\"https:\/\/www.gilplastic.com\/shop\/\"},{\"@type\":\"ListItem\",\"position\":3,\"name\":\"Tapa a prueba de ni\u00f1os 70-400\"}]},{\"@type\":\"WebSite\",\"@id\":\"https:\/\/www.gilplastic.com\/#website\",\"url\":\"https:\/\/www.gilplastic.com\/\",\"name\":\"GilPack\",\"description\":\"\",\"publisher\":{\"@id\":\"https:\/\/www.gilplastic.com\/#organization\"},\"potentialAction\":[{\"@type\":\"SearchAction\",\"target\":{\"@type\":\"EntryPoint\",\"urlTemplate\":\"https:\/\/www.gilplastic.com\/?s={search_term_string}\"},\"query-input\":{\"@type\":\"PropertyValueSpecification\",\"valueRequired\":true,\"valueName\":\"search_term_string\"}}],\"inLanguage\":\"es\"},{\"@type\":\"Organization\",\"@id\":\"https:\/\/www.gilplastic.com\/#organization\",\"name\":\"GilPack\",\"url\":\"https:\/\/www.gilplastic.com\/\",\"logo\":{\"@type\":\"ImageObject\",\"inLanguage\":\"es\",\"@id\":\"https:\/\/www.gilplastic.com\/#\/schema\/logo\/image\/\",\"url\":\"https:\/\/www.gilplastic.com\/wp-content\/uploads\/2021\/06\/logo-e1623762470830.png\",\"contentUrl\":\"https:\/\/www.gilplastic.com\/wp-content\/uploads\/2021\/06\/logo-e1623762470830.png\",\"width\":164,\"height\":52,\"caption\":\"GilPack\"},\"image\":{\"@id\":\"https:\/\/www.gilplastic.com\/#\/schema\/logo\/image\/\"}}]}<\/script>\n<!-- \/ Yoast SEO plugin. -->","yoast_head_json":{"title":"Gilpack | Tapa a prueba de ni\u00f1os 70-400","description":"Nuestras tapas a prueba de ni\u00f1os 70-400 son la opci\u00f3n ideal para garantizar la seguridad de tus productos. Pide ahora y conf\u00eda en la calidad que ofrece Gilpack.","robots":{"index":"index","follow":"follow","max-snippet":"max-snippet:-1","max-image-preview":"max-image-preview:large","max-video-preview":"max-video-preview:-1"},"canonical":"https:\/\/www.gilplastic.com\/es\/product\/tapas-es\/tapa-con-proteccion-infantil-para-frascos-y-botellas-de-plastico\/tapa-a-prueba-de-ninos-70-400\/","og_locale":"es_ES","og_type":"article","og_title":"Gilpack | Tapa a prueba de ni\u00f1os 70-400","og_description":"Nuestras tapas a prueba de ni\u00f1os 70-400 son la opci\u00f3n ideal para garantizar la seguridad de tus productos. Pide ahora y conf\u00eda en la calidad que ofrece Gilpack.","og_url":"https:\/\/www.gilplastic.com\/es\/product\/tapas-es\/tapa-con-proteccion-infantil-para-frascos-y-botellas-de-plastico\/tapa-a-prueba-de-ninos-70-400\/","og_site_name":"GilPack","article_modified_time":"2024-03-17T12:47:51+00:00","twitter_card":"summary_large_image","twitter_misc":{"Tiempo de lectura":"1 minuto"},"schema":{"@context":"https:\/\/schema.org","@graph":[{"@type":"WebPage","@id":"https:\/\/www.gilplastic.com\/es\/product\/tapas-es\/tapa-con-proteccion-infantil-para-frascos-y-botellas-de-plastico\/tapa-a-prueba-de-ninos-70-400\/","url":"https:\/\/www.gilplastic.com\/es\/product\/tapas-es\/tapa-con-proteccion-infantil-para-frascos-y-botellas-de-plastico\/tapa-a-prueba-de-ninos-70-400\/","name":"Gilpack | Tapa a prueba de ni\u00f1os 70-400","isPartOf":{"@id":"https:\/\/www.gilplastic.com\/#website"},"datePublished":"2022-12-18T08:14:53+00:00","dateModified":"2024-03-17T12:47:51+00:00","description":"Nuestras tapas a prueba de ni\u00f1os 70-400 son la opci\u00f3n ideal para garantizar la seguridad de tus productos. Pide ahora y conf\u00eda en la calidad que ofrece Gilpack.","breadcrumb":{"@id":"https:\/\/www.gilplastic.com\/es\/product\/tapas-es\/tapa-con-proteccion-infantil-para-frascos-y-botellas-de-plastico\/tapa-a-prueba-de-ninos-70-400\/#breadcrumb"},"inLanguage":"es","potentialAction":[{"@type":"ReadAction","target":["https:\/\/www.gilplastic.com\/es\/product\/tapas-es\/tapa-con-proteccion-infantil-para-frascos-y-botellas-de-plastico\/tapa-a-prueba-de-ninos-70-400\/"]}]},{"@type":"BreadcrumbList","@id":"https:\/\/www.gilplastic.com\/es\/product\/tapas-es\/tapa-con-proteccion-infantil-para-frascos-y-botellas-de-plastico\/tapa-a-prueba-de-ninos-70-400\/#breadcrumb","itemListElement":[{"@type":"ListItem","position":1,"name":"Home","item":"https:\/\/www.gilplastic.com\/es\/"},{"@type":"ListItem","position":2,"name":"Products","item":"https:\/\/www.gilplastic.com\/shop\/"},{"@type":"ListItem","position":3,"name":"Tapa a prueba de ni\u00f1os 70-400"}]},{"@type":"WebSite","@id":"https:\/\/www.gilplastic.com\/#website","url":"https:\/\/www.gilplastic.com\/","name":"GilPack","description":"","publisher":{"@id":"https:\/\/www.gilplastic.com\/#organization"},"potentialAction":[{"@type":"SearchAction","target":{"@type":"EntryPoint","urlTemplate":"https:\/\/www.gilplastic.com\/?s={search_term_string}"},"query-input":{"@type":"PropertyValueSpecification","valueRequired":true,"valueName":"search_term_string"}}],"inLanguage":"es"},{"@type":"Organization","@id":"https:\/\/www.gilplastic.com\/#organization","name":"GilPack","url":"https:\/\/www.gilplastic.com\/","logo":{"@type":"ImageObject","inLanguage":"es","@id":"https:\/\/www.gilplastic.com\/#\/schema\/logo\/image\/","url":"https:\/\/www.gilplastic.com\/wp-content\/uploads\/2021\/06\/logo-e1623762470830.png","contentUrl":"https:\/\/www.gilplastic.com\/wp-content\/uploads\/2021\/06\/logo-e1623762470830.png","width":164,"height":52,"caption":"GilPack"},"image":{"@id":"https:\/\/www.gilplastic.com\/#\/schema\/logo\/image\/"}}]}},"_links":{"self":[{"href":"https:\/\/www.gilplastic.com\/es\/wp-json\/wp\/v2\/product\/2730","targetHints":{"allow":["GET"]}}],"collection":[{"href":"https:\/\/www.gilplastic.com\/es\/wp-json\/wp\/v2\/product"}],"about":[{"href":"https:\/\/www.gilplastic.com\/es\/wp-json\/wp\/v2\/types\/product"}],"wp:attachment":[{"href":"https:\/\/www.gilplastic.com\/es\/wp-json\/wp\/v2\/media?parent=2730"}],"wp:term":[{"taxonomy":"product_brand","embeddable":true,"href":"https:\/\/www.gilplastic.com\/es\/wp-json\/wp\/v2\/product_brand?post=2730"},{"taxonomy":"product_cat","embeddable":true,"href":"https:\/\/www.gilplastic.com\/es\/wp-json\/wp\/v2\/product_cat?post=2730"},{"taxonomy":"product_tag","embeddable":true,"href":"https:\/\/www.gilplastic.com\/es\/wp-json\/wp\/v2\/product_tag?post=2730"}],"curies":[{"name":"wp","href":"https:\/\/api.w.org\/{rel}","templated":true}]}}