{"id":2711,"date":"2022-12-14T11:28:34","date_gmt":"2022-12-14T09:28:34","guid":{"rendered":"https:\/\/www.gilplastic.com\/product\/sin%20categor\u00eda\/botella-para-jarabes-farmaceuticos-500-ml-2\/"},"modified":"2023-12-26T08:10:42","modified_gmt":"2023-12-26T06:10:42","slug":"botella-para-jarabes-farmaceuticos-500-ml-2","status":"publish","type":"product","link":"https:\/\/www.gilplastic.com\/es\/product\/botellas\/botellas-para-jarabes-farmaceuticos\/botella-para-jarabes-farmaceuticos-500-ml-2\/","title":{"rendered":"Botella para Jarabes Farmac\u00e9uticos, 500 ml"},"content":{"rendered":"<p>Botella para Jarabes Farmac\u00e9uticos, 500 ml<\/p>\n<p>Botellas de 500 ml 38mm.<\/p>\n<p><strong>Aplicaci\u00f3n<\/strong>: Estas botellas son envases pl\u00e1sticos rectangulares, destinados a medir, fraccionar y almacenar productos m\u00e9dicos cosm\u00e9ticos y qu\u00edmicos, expedidos en forma l\u00edquida.<\/p>\n<p><strong>Material<\/strong>: HDPE<\/p>\n<p><strong> Cierres<\/strong>: Las botellas rectangulares admiten una <a href=\"https:\/\/www.gilplastic.com\/es\/product\/tapas\/%d7%9e%d7%9b%d7%a1%d7%94-%d7%94%d7%91%d7%a8%d7%92%d7%94-38-%d7%9e%d7%9e-%d7%a2%d7%9d-%d7%98%d7%91%d7%a2%d7%aa-%d7%a7%d7%a8%d7%99%d7%a2%d7%94\/\">tapa a rosca de 38 mm con precinto TE.<\/a><\/p>\n<p><strong>Colores<\/strong>: Natural (color lechoso). Cualquier otro color a seleccionar estar\u00e1 disponible para \u00f3rdenes de un m\u00ednimo de 20,000 unidades.<\/p>\n","protected":false},"excerpt":{"rendered":"<p>Botella para Jarabes Farmac\u00e9uticos, 500 ml Botellas de 500 ml 38mm. Aplicaci\u00f3n: Estas botellas son envases pl\u00e1sticos rectangulares, destinados a medir, fraccionar y almacenar productos m\u00e9dicos cosm\u00e9ticos y qu\u00edmicos, expedidos en forma l\u00edquida. Material: HDPE Cierres: Las botellas rectangulares admiten una tapa a rosca de 38 mm con precinto TE. Colores: Natural (color lechoso). Cualquier [&hellip;]<\/p>\n","protected":false},"featured_media":0,"template":"","meta":{"_acf_changed":false},"product_brand":[],"product_cat":[85,144],"product_tag":[],"class_list":{"0":"post-2711","1":"product","2":"type-product","3":"status-publish","5":"product_cat-botellas","6":"product_cat-botellas-para-jarabes-farmaceuticos","8":"first","9":"instock","10":"shipping-taxable","11":"product-type-simple"},"acf":[],"yoast_head":"<!-- This site is optimized with the Yoast SEO plugin v27.2 - https:\/\/yoast.com\/product\/yoast-seo-wordpress\/ -->\n<title>&quot;Gilpack | Botella para Jarabes Farmac\u00e9uticos, 500 ml&quot;<\/title>\n<meta name=\"description\" content=\"Nuestra botella de 500 ml para jarabes farmac\u00e9uticos es la soluci\u00f3n ideal para el almacenamiento y distribuci\u00f3n de jarabes, medicamentos l\u00edquidos y otros productos farmac\u00e9uticos.\" \/>\n<meta name=\"robots\" content=\"index, follow, max-snippet:-1, max-image-preview:large, max-video-preview:-1\" \/>\n<link rel=\"canonical\" href=\"https:\/\/www.gilplastic.com\/es\/product\/botellas\/botellas-para-jarabes-farmaceuticos\/botella-para-jarabes-farmaceuticos-500-ml-2\/\" \/>\n<meta property=\"og:locale\" content=\"es_ES\" \/>\n<meta property=\"og:type\" content=\"article\" \/>\n<meta property=\"og:title\" content=\"&quot;Gilpack | Botella para Jarabes Farmac\u00e9uticos, 500 ml&quot;\" \/>\n<meta property=\"og:description\" content=\"Nuestra botella de 500 ml para jarabes farmac\u00e9uticos es la soluci\u00f3n ideal para el almacenamiento y distribuci\u00f3n de jarabes, medicamentos l\u00edquidos y otros productos farmac\u00e9uticos.\" \/>\n<meta property=\"og:url\" content=\"https:\/\/www.gilplastic.com\/es\/product\/botellas\/botellas-para-jarabes-farmaceuticos\/botella-para-jarabes-farmaceuticos-500-ml-2\/\" \/>\n<meta property=\"og:site_name\" content=\"GilPack\" \/>\n<meta property=\"article:modified_time\" content=\"2023-12-26T06:10:42+00:00\" \/>\n<meta name=\"twitter:card\" content=\"summary_large_image\" \/>\n<meta name=\"twitter:label1\" content=\"Tiempo de lectura\" \/>\n\t<meta name=\"twitter:data1\" content=\"1 minuto\" \/>\n<script type=\"application\/ld+json\" class=\"yoast-schema-graph\">{\"@context\":\"https:\/\/schema.org\",\"@graph\":[{\"@type\":\"WebPage\",\"@id\":\"https:\/\/www.gilplastic.com\/es\/product\/botellas\/botellas-para-jarabes-farmaceuticos\/botella-para-jarabes-farmaceuticos-500-ml-2\/\",\"url\":\"https:\/\/www.gilplastic.com\/es\/product\/botellas\/botellas-para-jarabes-farmaceuticos\/botella-para-jarabes-farmaceuticos-500-ml-2\/\",\"name\":\"\\\"Gilpack | Botella para Jarabes Farmac\u00e9uticos, 500 ml\\\"\",\"isPartOf\":{\"@id\":\"https:\/\/www.gilplastic.com\/#website\"},\"datePublished\":\"2022-12-14T09:28:34+00:00\",\"dateModified\":\"2023-12-26T06:10:42+00:00\",\"description\":\"Nuestra botella de 500 ml para jarabes farmac\u00e9uticos es la soluci\u00f3n ideal para el almacenamiento y distribuci\u00f3n de jarabes, medicamentos l\u00edquidos y otros productos farmac\u00e9uticos.\",\"breadcrumb\":{\"@id\":\"https:\/\/www.gilplastic.com\/es\/product\/botellas\/botellas-para-jarabes-farmaceuticos\/botella-para-jarabes-farmaceuticos-500-ml-2\/#breadcrumb\"},\"inLanguage\":\"es\",\"potentialAction\":[{\"@type\":\"ReadAction\",\"target\":[\"https:\/\/www.gilplastic.com\/es\/product\/botellas\/botellas-para-jarabes-farmaceuticos\/botella-para-jarabes-farmaceuticos-500-ml-2\/\"]}]},{\"@type\":\"BreadcrumbList\",\"@id\":\"https:\/\/www.gilplastic.com\/es\/product\/botellas\/botellas-para-jarabes-farmaceuticos\/botella-para-jarabes-farmaceuticos-500-ml-2\/#breadcrumb\",\"itemListElement\":[{\"@type\":\"ListItem\",\"position\":1,\"name\":\"Home\",\"item\":\"https:\/\/www.gilplastic.com\/es\/\"},{\"@type\":\"ListItem\",\"position\":2,\"name\":\"Products\",\"item\":\"https:\/\/www.gilplastic.com\/shop\/\"},{\"@type\":\"ListItem\",\"position\":3,\"name\":\"Botella para Jarabes Farmac\u00e9uticos, 500 ml\"}]},{\"@type\":\"WebSite\",\"@id\":\"https:\/\/www.gilplastic.com\/#website\",\"url\":\"https:\/\/www.gilplastic.com\/\",\"name\":\"GilPack\",\"description\":\"\",\"publisher\":{\"@id\":\"https:\/\/www.gilplastic.com\/#organization\"},\"potentialAction\":[{\"@type\":\"SearchAction\",\"target\":{\"@type\":\"EntryPoint\",\"urlTemplate\":\"https:\/\/www.gilplastic.com\/?s={search_term_string}\"},\"query-input\":{\"@type\":\"PropertyValueSpecification\",\"valueRequired\":true,\"valueName\":\"search_term_string\"}}],\"inLanguage\":\"es\"},{\"@type\":\"Organization\",\"@id\":\"https:\/\/www.gilplastic.com\/#organization\",\"name\":\"GilPack\",\"url\":\"https:\/\/www.gilplastic.com\/\",\"logo\":{\"@type\":\"ImageObject\",\"inLanguage\":\"es\",\"@id\":\"https:\/\/www.gilplastic.com\/#\/schema\/logo\/image\/\",\"url\":\"https:\/\/www.gilplastic.com\/wp-content\/uploads\/2021\/06\/logo-e1623762470830.png\",\"contentUrl\":\"https:\/\/www.gilplastic.com\/wp-content\/uploads\/2021\/06\/logo-e1623762470830.png\",\"width\":164,\"height\":52,\"caption\":\"GilPack\"},\"image\":{\"@id\":\"https:\/\/www.gilplastic.com\/#\/schema\/logo\/image\/\"}}]}<\/script>\n<!-- \/ Yoast SEO plugin. -->","yoast_head_json":{"title":"\"Gilpack | Botella para Jarabes Farmac\u00e9uticos, 500 ml\"","description":"Nuestra botella de 500 ml para jarabes farmac\u00e9uticos es la soluci\u00f3n ideal para el almacenamiento y distribuci\u00f3n de jarabes, medicamentos l\u00edquidos y otros productos farmac\u00e9uticos.","robots":{"index":"index","follow":"follow","max-snippet":"max-snippet:-1","max-image-preview":"max-image-preview:large","max-video-preview":"max-video-preview:-1"},"canonical":"https:\/\/www.gilplastic.com\/es\/product\/botellas\/botellas-para-jarabes-farmaceuticos\/botella-para-jarabes-farmaceuticos-500-ml-2\/","og_locale":"es_ES","og_type":"article","og_title":"\"Gilpack | Botella para Jarabes Farmac\u00e9uticos, 500 ml\"","og_description":"Nuestra botella de 500 ml para jarabes farmac\u00e9uticos es la soluci\u00f3n ideal para el almacenamiento y distribuci\u00f3n de jarabes, medicamentos l\u00edquidos y otros productos farmac\u00e9uticos.","og_url":"https:\/\/www.gilplastic.com\/es\/product\/botellas\/botellas-para-jarabes-farmaceuticos\/botella-para-jarabes-farmaceuticos-500-ml-2\/","og_site_name":"GilPack","article_modified_time":"2023-12-26T06:10:42+00:00","twitter_card":"summary_large_image","twitter_misc":{"Tiempo de lectura":"1 minuto"},"schema":{"@context":"https:\/\/schema.org","@graph":[{"@type":"WebPage","@id":"https:\/\/www.gilplastic.com\/es\/product\/botellas\/botellas-para-jarabes-farmaceuticos\/botella-para-jarabes-farmaceuticos-500-ml-2\/","url":"https:\/\/www.gilplastic.com\/es\/product\/botellas\/botellas-para-jarabes-farmaceuticos\/botella-para-jarabes-farmaceuticos-500-ml-2\/","name":"\"Gilpack | Botella para Jarabes Farmac\u00e9uticos, 500 ml\"","isPartOf":{"@id":"https:\/\/www.gilplastic.com\/#website"},"datePublished":"2022-12-14T09:28:34+00:00","dateModified":"2023-12-26T06:10:42+00:00","description":"Nuestra botella de 500 ml para jarabes farmac\u00e9uticos es la soluci\u00f3n ideal para el almacenamiento y distribuci\u00f3n de jarabes, medicamentos l\u00edquidos y otros productos farmac\u00e9uticos.","breadcrumb":{"@id":"https:\/\/www.gilplastic.com\/es\/product\/botellas\/botellas-para-jarabes-farmaceuticos\/botella-para-jarabes-farmaceuticos-500-ml-2\/#breadcrumb"},"inLanguage":"es","potentialAction":[{"@type":"ReadAction","target":["https:\/\/www.gilplastic.com\/es\/product\/botellas\/botellas-para-jarabes-farmaceuticos\/botella-para-jarabes-farmaceuticos-500-ml-2\/"]}]},{"@type":"BreadcrumbList","@id":"https:\/\/www.gilplastic.com\/es\/product\/botellas\/botellas-para-jarabes-farmaceuticos\/botella-para-jarabes-farmaceuticos-500-ml-2\/#breadcrumb","itemListElement":[{"@type":"ListItem","position":1,"name":"Home","item":"https:\/\/www.gilplastic.com\/es\/"},{"@type":"ListItem","position":2,"name":"Products","item":"https:\/\/www.gilplastic.com\/shop\/"},{"@type":"ListItem","position":3,"name":"Botella para Jarabes Farmac\u00e9uticos, 500 ml"}]},{"@type":"WebSite","@id":"https:\/\/www.gilplastic.com\/#website","url":"https:\/\/www.gilplastic.com\/","name":"GilPack","description":"","publisher":{"@id":"https:\/\/www.gilplastic.com\/#organization"},"potentialAction":[{"@type":"SearchAction","target":{"@type":"EntryPoint","urlTemplate":"https:\/\/www.gilplastic.com\/?s={search_term_string}"},"query-input":{"@type":"PropertyValueSpecification","valueRequired":true,"valueName":"search_term_string"}}],"inLanguage":"es"},{"@type":"Organization","@id":"https:\/\/www.gilplastic.com\/#organization","name":"GilPack","url":"https:\/\/www.gilplastic.com\/","logo":{"@type":"ImageObject","inLanguage":"es","@id":"https:\/\/www.gilplastic.com\/#\/schema\/logo\/image\/","url":"https:\/\/www.gilplastic.com\/wp-content\/uploads\/2021\/06\/logo-e1623762470830.png","contentUrl":"https:\/\/www.gilplastic.com\/wp-content\/uploads\/2021\/06\/logo-e1623762470830.png","width":164,"height":52,"caption":"GilPack"},"image":{"@id":"https:\/\/www.gilplastic.com\/#\/schema\/logo\/image\/"}}]}},"_links":{"self":[{"href":"https:\/\/www.gilplastic.com\/es\/wp-json\/wp\/v2\/product\/2711","targetHints":{"allow":["GET"]}}],"collection":[{"href":"https:\/\/www.gilplastic.com\/es\/wp-json\/wp\/v2\/product"}],"about":[{"href":"https:\/\/www.gilplastic.com\/es\/wp-json\/wp\/v2\/types\/product"}],"wp:attachment":[{"href":"https:\/\/www.gilplastic.com\/es\/wp-json\/wp\/v2\/media?parent=2711"}],"wp:term":[{"taxonomy":"product_brand","embeddable":true,"href":"https:\/\/www.gilplastic.com\/es\/wp-json\/wp\/v2\/product_brand?post=2711"},{"taxonomy":"product_cat","embeddable":true,"href":"https:\/\/www.gilplastic.com\/es\/wp-json\/wp\/v2\/product_cat?post=2711"},{"taxonomy":"product_tag","embeddable":true,"href":"https:\/\/www.gilplastic.com\/es\/wp-json\/wp\/v2\/product_tag?post=2711"}],"curies":[{"name":"wp","href":"https:\/\/api.w.org\/{rel}","templated":true}]}}