{"id":2657,"date":"2021-11-10T14:39:15","date_gmt":"2021-11-10T12:39:15","guid":{"rendered":"https:\/\/www.gilplastic.com\/?post_type=product&#038;p=2657"},"modified":"2024-01-28T15:09:29","modified_gmt":"2024-01-28T13:09:29","slug":"botella-cuadrada-transparente-de-500-ml","status":"publish","type":"product","link":"https:\/\/www.gilplastic.com\/es\/product\/botellas\/botellas-de-laboratorio-transparentes-y-graduadas-para-muestras-de-agua\/botella-cuadrada-transparente-de-500-ml\/","title":{"rendered":"Una botella cuadrada de pl\u00e1stico transparente con una escala (a\u00f1os) con un volumen de 500 ml"},"content":{"rendered":"<p>Una botella cuadrada de pl\u00e1stico transparente con una escala (a\u00f1os) con un volumen de 500 ml. La botella es adecuada para tomar muestras de agua, tomar muestras de alimentos y materias primas en el proceso de producci\u00f3n y para diversos y variados usos en medicina, qu\u00edmica, alimentos y cosm\u00e9ticos. .<\/p>\n<p>La botella es transparente pero resistente a una temperatura de m\u00e1s de 90 grados en la botella est\u00e1 impresa una escala precisa para medir el volumen de l\u00edquido en la botella.<\/p>\n","protected":false},"excerpt":{"rendered":"<p>Una botella cuadrada de pl\u00e1stico transparente con una escala (a\u00f1os) con un volumen de 500 ml. La botella es adecuada para tomar muestras de agua, tomar muestras de alimentos y materias primas en el proceso de producci\u00f3n y para diversos y variados usos en medicina, qu\u00edmica, alimentos y cosm\u00e9ticos. .<\/p>\n<p>La botella es transparente pero resistente a una temperatura de m\u00e1s de 90 grados en la botella est\u00e1 impresa una escala precisa para medir el volumen de l\u00edquido en la botella.<\/p>\n","protected":false},"featured_media":0,"template":"","meta":{"_acf_changed":false},"product_brand":[],"product_cat":[85,146],"product_tag":[],"class_list":{"0":"post-2657","1":"product","2":"type-product","3":"status-publish","5":"product_cat-botellas","6":"product_cat-botellas-de-laboratorio-transparentes-y-graduadas-para-muestras-de-agua","8":"first","9":"instock","10":"shipping-taxable","11":"product-type-simple"},"acf":[],"yoast_head":"<!-- This site is optimized with the Yoast SEO plugin v27.2 - https:\/\/yoast.com\/product\/yoast-seo-wordpress\/ -->\n<title>Gilpack | Botella cuadrada transparente de 500 ml con escala.<\/title>\n<meta name=\"description\" content=\"Botella cuadrada de pl\u00e1stico transparente, 300 ml con escala, ideal para muestras de agua, alimentos, y en procesos de medicina, qu\u00edmica y cosm\u00e9ticos.\" \/>\n<meta name=\"robots\" content=\"index, follow, max-snippet:-1, max-image-preview:large, max-video-preview:-1\" \/>\n<link rel=\"canonical\" href=\"https:\/\/www.gilplastic.com\/es\/product\/botellas\/botellas-de-laboratorio-transparentes-y-graduadas-para-muestras-de-agua\/botella-cuadrada-transparente-de-500-ml\/\" \/>\n<meta property=\"og:locale\" content=\"es_ES\" \/>\n<meta property=\"og:type\" content=\"article\" \/>\n<meta property=\"og:title\" content=\"Gilpack | Botella cuadrada transparente de 500 ml con escala.\" \/>\n<meta property=\"og:description\" content=\"Botella cuadrada de pl\u00e1stico transparente, 300 ml con escala, ideal para muestras de agua, alimentos, y en procesos de medicina, qu\u00edmica y cosm\u00e9ticos.\" \/>\n<meta property=\"og:url\" content=\"https:\/\/www.gilplastic.com\/es\/product\/botellas\/botellas-de-laboratorio-transparentes-y-graduadas-para-muestras-de-agua\/botella-cuadrada-transparente-de-500-ml\/\" \/>\n<meta property=\"og:site_name\" content=\"GilPack\" \/>\n<meta property=\"article:modified_time\" content=\"2024-01-28T13:09:29+00:00\" \/>\n<meta name=\"twitter:card\" content=\"summary_large_image\" \/>\n<meta name=\"twitter:label1\" content=\"Tiempo de lectura\" \/>\n\t<meta name=\"twitter:data1\" content=\"1 minuto\" \/>\n<script type=\"application\/ld+json\" class=\"yoast-schema-graph\">{\"@context\":\"https:\/\/schema.org\",\"@graph\":[{\"@type\":\"WebPage\",\"@id\":\"https:\/\/www.gilplastic.com\/es\/product\/botellas\/botellas-de-laboratorio-transparentes-y-graduadas-para-muestras-de-agua\/botella-cuadrada-transparente-de-500-ml\/\",\"url\":\"https:\/\/www.gilplastic.com\/es\/product\/botellas\/botellas-de-laboratorio-transparentes-y-graduadas-para-muestras-de-agua\/botella-cuadrada-transparente-de-500-ml\/\",\"name\":\"Gilpack | Botella cuadrada transparente de 500 ml con escala.\",\"isPartOf\":{\"@id\":\"https:\/\/www.gilplastic.com\/#website\"},\"datePublished\":\"2021-11-10T12:39:15+00:00\",\"dateModified\":\"2024-01-28T13:09:29+00:00\",\"description\":\"Botella cuadrada de pl\u00e1stico transparente, 300 ml con escala, ideal para muestras de agua, alimentos, y en procesos de medicina, qu\u00edmica y cosm\u00e9ticos.\",\"breadcrumb\":{\"@id\":\"https:\/\/www.gilplastic.com\/es\/product\/botellas\/botellas-de-laboratorio-transparentes-y-graduadas-para-muestras-de-agua\/botella-cuadrada-transparente-de-500-ml\/#breadcrumb\"},\"inLanguage\":\"es\",\"potentialAction\":[{\"@type\":\"ReadAction\",\"target\":[\"https:\/\/www.gilplastic.com\/es\/product\/botellas\/botellas-de-laboratorio-transparentes-y-graduadas-para-muestras-de-agua\/botella-cuadrada-transparente-de-500-ml\/\"]}]},{\"@type\":\"BreadcrumbList\",\"@id\":\"https:\/\/www.gilplastic.com\/es\/product\/botellas\/botellas-de-laboratorio-transparentes-y-graduadas-para-muestras-de-agua\/botella-cuadrada-transparente-de-500-ml\/#breadcrumb\",\"itemListElement\":[{\"@type\":\"ListItem\",\"position\":1,\"name\":\"Home\",\"item\":\"https:\/\/www.gilplastic.com\/es\/\"},{\"@type\":\"ListItem\",\"position\":2,\"name\":\"Products\",\"item\":\"https:\/\/www.gilplastic.com\/shop\/\"},{\"@type\":\"ListItem\",\"position\":3,\"name\":\"Una botella cuadrada de pl\u00e1stico transparente con una escala (a\u00f1os) con un volumen de 500 ml\"}]},{\"@type\":\"WebSite\",\"@id\":\"https:\/\/www.gilplastic.com\/#website\",\"url\":\"https:\/\/www.gilplastic.com\/\",\"name\":\"GilPack\",\"description\":\"\",\"publisher\":{\"@id\":\"https:\/\/www.gilplastic.com\/#organization\"},\"potentialAction\":[{\"@type\":\"SearchAction\",\"target\":{\"@type\":\"EntryPoint\",\"urlTemplate\":\"https:\/\/www.gilplastic.com\/?s={search_term_string}\"},\"query-input\":{\"@type\":\"PropertyValueSpecification\",\"valueRequired\":true,\"valueName\":\"search_term_string\"}}],\"inLanguage\":\"es\"},{\"@type\":\"Organization\",\"@id\":\"https:\/\/www.gilplastic.com\/#organization\",\"name\":\"GilPack\",\"url\":\"https:\/\/www.gilplastic.com\/\",\"logo\":{\"@type\":\"ImageObject\",\"inLanguage\":\"es\",\"@id\":\"https:\/\/www.gilplastic.com\/#\/schema\/logo\/image\/\",\"url\":\"https:\/\/www.gilplastic.com\/wp-content\/uploads\/2021\/06\/logo-e1623762470830.png\",\"contentUrl\":\"https:\/\/www.gilplastic.com\/wp-content\/uploads\/2021\/06\/logo-e1623762470830.png\",\"width\":164,\"height\":52,\"caption\":\"GilPack\"},\"image\":{\"@id\":\"https:\/\/www.gilplastic.com\/#\/schema\/logo\/image\/\"}}]}<\/script>\n<!-- \/ Yoast SEO plugin. -->","yoast_head_json":{"title":"Gilpack | Botella cuadrada transparente de 500 ml con escala.","description":"Botella cuadrada de pl\u00e1stico transparente, 300 ml con escala, ideal para muestras de agua, alimentos, y en procesos de medicina, qu\u00edmica y cosm\u00e9ticos.","robots":{"index":"index","follow":"follow","max-snippet":"max-snippet:-1","max-image-preview":"max-image-preview:large","max-video-preview":"max-video-preview:-1"},"canonical":"https:\/\/www.gilplastic.com\/es\/product\/botellas\/botellas-de-laboratorio-transparentes-y-graduadas-para-muestras-de-agua\/botella-cuadrada-transparente-de-500-ml\/","og_locale":"es_ES","og_type":"article","og_title":"Gilpack | Botella cuadrada transparente de 500 ml con escala.","og_description":"Botella cuadrada de pl\u00e1stico transparente, 300 ml con escala, ideal para muestras de agua, alimentos, y en procesos de medicina, qu\u00edmica y cosm\u00e9ticos.","og_url":"https:\/\/www.gilplastic.com\/es\/product\/botellas\/botellas-de-laboratorio-transparentes-y-graduadas-para-muestras-de-agua\/botella-cuadrada-transparente-de-500-ml\/","og_site_name":"GilPack","article_modified_time":"2024-01-28T13:09:29+00:00","twitter_card":"summary_large_image","twitter_misc":{"Tiempo de lectura":"1 minuto"},"schema":{"@context":"https:\/\/schema.org","@graph":[{"@type":"WebPage","@id":"https:\/\/www.gilplastic.com\/es\/product\/botellas\/botellas-de-laboratorio-transparentes-y-graduadas-para-muestras-de-agua\/botella-cuadrada-transparente-de-500-ml\/","url":"https:\/\/www.gilplastic.com\/es\/product\/botellas\/botellas-de-laboratorio-transparentes-y-graduadas-para-muestras-de-agua\/botella-cuadrada-transparente-de-500-ml\/","name":"Gilpack | Botella cuadrada transparente de 500 ml con escala.","isPartOf":{"@id":"https:\/\/www.gilplastic.com\/#website"},"datePublished":"2021-11-10T12:39:15+00:00","dateModified":"2024-01-28T13:09:29+00:00","description":"Botella cuadrada de pl\u00e1stico transparente, 300 ml con escala, ideal para muestras de agua, alimentos, y en procesos de medicina, qu\u00edmica y cosm\u00e9ticos.","breadcrumb":{"@id":"https:\/\/www.gilplastic.com\/es\/product\/botellas\/botellas-de-laboratorio-transparentes-y-graduadas-para-muestras-de-agua\/botella-cuadrada-transparente-de-500-ml\/#breadcrumb"},"inLanguage":"es","potentialAction":[{"@type":"ReadAction","target":["https:\/\/www.gilplastic.com\/es\/product\/botellas\/botellas-de-laboratorio-transparentes-y-graduadas-para-muestras-de-agua\/botella-cuadrada-transparente-de-500-ml\/"]}]},{"@type":"BreadcrumbList","@id":"https:\/\/www.gilplastic.com\/es\/product\/botellas\/botellas-de-laboratorio-transparentes-y-graduadas-para-muestras-de-agua\/botella-cuadrada-transparente-de-500-ml\/#breadcrumb","itemListElement":[{"@type":"ListItem","position":1,"name":"Home","item":"https:\/\/www.gilplastic.com\/es\/"},{"@type":"ListItem","position":2,"name":"Products","item":"https:\/\/www.gilplastic.com\/shop\/"},{"@type":"ListItem","position":3,"name":"Una botella cuadrada de pl\u00e1stico transparente con una escala (a\u00f1os) con un volumen de 500 ml"}]},{"@type":"WebSite","@id":"https:\/\/www.gilplastic.com\/#website","url":"https:\/\/www.gilplastic.com\/","name":"GilPack","description":"","publisher":{"@id":"https:\/\/www.gilplastic.com\/#organization"},"potentialAction":[{"@type":"SearchAction","target":{"@type":"EntryPoint","urlTemplate":"https:\/\/www.gilplastic.com\/?s={search_term_string}"},"query-input":{"@type":"PropertyValueSpecification","valueRequired":true,"valueName":"search_term_string"}}],"inLanguage":"es"},{"@type":"Organization","@id":"https:\/\/www.gilplastic.com\/#organization","name":"GilPack","url":"https:\/\/www.gilplastic.com\/","logo":{"@type":"ImageObject","inLanguage":"es","@id":"https:\/\/www.gilplastic.com\/#\/schema\/logo\/image\/","url":"https:\/\/www.gilplastic.com\/wp-content\/uploads\/2021\/06\/logo-e1623762470830.png","contentUrl":"https:\/\/www.gilplastic.com\/wp-content\/uploads\/2021\/06\/logo-e1623762470830.png","width":164,"height":52,"caption":"GilPack"},"image":{"@id":"https:\/\/www.gilplastic.com\/#\/schema\/logo\/image\/"}}]}},"_links":{"self":[{"href":"https:\/\/www.gilplastic.com\/es\/wp-json\/wp\/v2\/product\/2657","targetHints":{"allow":["GET"]}}],"collection":[{"href":"https:\/\/www.gilplastic.com\/es\/wp-json\/wp\/v2\/product"}],"about":[{"href":"https:\/\/www.gilplastic.com\/es\/wp-json\/wp\/v2\/types\/product"}],"wp:attachment":[{"href":"https:\/\/www.gilplastic.com\/es\/wp-json\/wp\/v2\/media?parent=2657"}],"wp:term":[{"taxonomy":"product_brand","embeddable":true,"href":"https:\/\/www.gilplastic.com\/es\/wp-json\/wp\/v2\/product_brand?post=2657"},{"taxonomy":"product_cat","embeddable":true,"href":"https:\/\/www.gilplastic.com\/es\/wp-json\/wp\/v2\/product_cat?post=2657"},{"taxonomy":"product_tag","embeddable":true,"href":"https:\/\/www.gilplastic.com\/es\/wp-json\/wp\/v2\/product_tag?post=2657"}],"curies":[{"name":"wp","href":"https:\/\/api.w.org\/{rel}","templated":true}]}}