{"id":2280,"date":"2021-07-25T22:47:47","date_gmt":"2021-07-25T19:47:47","guid":{"rendered":"https:\/\/theguy4u.co.il\/gilpack\/product\/sin%20categor\u00eda\/%d7%9e%d7%9b%d7%a1%d7%94-%d7%9c%d7%97%d7%99%d7%a6%d7%94-%d7%91%d7%a7%d7%95%d7%98%d7%a8-60-%d7%9e%d7%9e-%d7%a2%d7%9d-%d7%a1%d7%a8%d7%98-%d7%a7%d7%a8%d7%99%d7%a2%d7%94-%d7%9c%d7%a6%d7%a0%d7%a6%d7%a0\/"},"modified":"2021-09-05T17:13:30","modified_gmt":"2021-09-05T14:13:30","slug":"tapa-bisagra-de-60-mm-con-precinto-de-garantia","status":"publish","type":"product","link":"https:\/\/www.gilplastic.com\/es\/product\/tapas-es\/tapas-bisagra-con-precinto-de-garantia-te\/tapa-bisagra-de-60-mm-con-precinto-de-garantia\/","title":{"rendered":"Tapa bisagra de 60 mm con precinto de garant\u00eda"},"content":{"rendered":"<p dir=\"ltr\">La tapa bisagra de 60 mm con precinto inviolable TE es usada en nuestros\u00a0<a href=\"http:\/\/www.gilpack.co.il\/es\/frascos\/frascos-cil%C3%ADndricos\">frascos cil\u00edndricos de boca ancha<\/a>\u00a0de tama\u00f1os: 100 ml, 150 ml, 200 ml, 250 ml, 300 ml y 400 ml.<\/p>\n","protected":false},"excerpt":{"rendered":"<p>La tapa bisagra de 60 mm con precinto inviolable TE es usada en nuestros\u00a0<a href=\"http:\/\/www.gilpack.co.il\/es\/frascos\/frascos-cil%C3%ADndricos\">frascos cil\u00edndricos de boca ancha<\/a>\u00a0de tama\u00f1os: 100 ml, 150 ml,<\/p>\n","protected":false},"featured_media":0,"template":"","meta":{"_acf_changed":false},"product_brand":[],"product_cat":[87,160],"product_tag":[],"class_list":{"0":"post-2280","1":"product","2":"type-product","3":"status-publish","5":"product_cat-tapas-es","6":"product_cat-tapas-bisagra-con-precinto-de-garantia-te","8":"first","9":"instock","10":"shipping-taxable","11":"product-type-simple"},"acf":[],"yoast_head":"<!-- This site is optimized with the Yoast SEO plugin v27.2 - https:\/\/yoast.com\/product\/yoast-seo-wordpress\/ -->\n<title>Tapa bisagra de 60 mm con precinto de garant\u00eda - GilPack<\/title>\n<meta name=\"description\" content=\"La tapa bisagra de 60 mm con precinto inviolable TE es usada en nuestros frascos cil\u00edndricos de boca ancha de tama\u00f1os: 100 ml, 150 ml\" \/>\n<meta name=\"robots\" content=\"index, follow, max-snippet:-1, max-image-preview:large, max-video-preview:-1\" \/>\n<link rel=\"canonical\" href=\"https:\/\/www.gilplastic.com\/es\/product\/tapas-es\/tapas-bisagra-con-precinto-de-garantia-te\/tapa-bisagra-de-60-mm-con-precinto-de-garantia\/\" \/>\n<meta property=\"og:locale\" content=\"es_ES\" \/>\n<meta property=\"og:type\" content=\"article\" \/>\n<meta property=\"og:title\" content=\"Tapa bisagra de 60 mm con precinto de garant\u00eda - GilPack\" \/>\n<meta property=\"og:description\" content=\"La tapa bisagra de 60 mm con precinto inviolable TE es usada en nuestros frascos cil\u00edndricos de boca ancha de tama\u00f1os: 100 ml, 150 ml\" \/>\n<meta property=\"og:url\" content=\"https:\/\/www.gilplastic.com\/es\/product\/tapas-es\/tapas-bisagra-con-precinto-de-garantia-te\/tapa-bisagra-de-60-mm-con-precinto-de-garantia\/\" \/>\n<meta property=\"og:site_name\" content=\"GilPack\" \/>\n<meta property=\"article:modified_time\" content=\"2021-09-05T14:13:30+00:00\" \/>\n<meta name=\"twitter:card\" content=\"summary_large_image\" \/>\n<script type=\"application\/ld+json\" class=\"yoast-schema-graph\">{\"@context\":\"https:\/\/schema.org\",\"@graph\":[{\"@type\":\"WebPage\",\"@id\":\"https:\/\/www.gilplastic.com\/es\/product\/tapas-es\/tapas-bisagra-con-precinto-de-garantia-te\/tapa-bisagra-de-60-mm-con-precinto-de-garantia\/\",\"url\":\"https:\/\/www.gilplastic.com\/es\/product\/tapas-es\/tapas-bisagra-con-precinto-de-garantia-te\/tapa-bisagra-de-60-mm-con-precinto-de-garantia\/\",\"name\":\"Tapa bisagra de 60 mm con precinto de garant\u00eda - GilPack\",\"isPartOf\":{\"@id\":\"https:\/\/www.gilplastic.com\/#website\"},\"datePublished\":\"2021-07-25T19:47:47+00:00\",\"dateModified\":\"2021-09-05T14:13:30+00:00\",\"description\":\"La tapa bisagra de 60 mm con precinto inviolable TE es usada en nuestros frascos cil\u00edndricos de boca ancha de tama\u00f1os: 100 ml, 150 ml\",\"breadcrumb\":{\"@id\":\"https:\/\/www.gilplastic.com\/es\/product\/tapas-es\/tapas-bisagra-con-precinto-de-garantia-te\/tapa-bisagra-de-60-mm-con-precinto-de-garantia\/#breadcrumb\"},\"inLanguage\":\"es\",\"potentialAction\":[{\"@type\":\"ReadAction\",\"target\":[\"https:\/\/www.gilplastic.com\/es\/product\/tapas-es\/tapas-bisagra-con-precinto-de-garantia-te\/tapa-bisagra-de-60-mm-con-precinto-de-garantia\/\"]}]},{\"@type\":\"BreadcrumbList\",\"@id\":\"https:\/\/www.gilplastic.com\/es\/product\/tapas-es\/tapas-bisagra-con-precinto-de-garantia-te\/tapa-bisagra-de-60-mm-con-precinto-de-garantia\/#breadcrumb\",\"itemListElement\":[{\"@type\":\"ListItem\",\"position\":1,\"name\":\"Home\",\"item\":\"https:\/\/www.gilplastic.com\/es\/\"},{\"@type\":\"ListItem\",\"position\":2,\"name\":\"Products\",\"item\":\"https:\/\/www.gilplastic.com\/shop\/\"},{\"@type\":\"ListItem\",\"position\":3,\"name\":\"Tapa bisagra de 60 mm con precinto de garant\u00eda\"}]},{\"@type\":\"WebSite\",\"@id\":\"https:\/\/www.gilplastic.com\/#website\",\"url\":\"https:\/\/www.gilplastic.com\/\",\"name\":\"GilPack\",\"description\":\"\",\"publisher\":{\"@id\":\"https:\/\/www.gilplastic.com\/#organization\"},\"potentialAction\":[{\"@type\":\"SearchAction\",\"target\":{\"@type\":\"EntryPoint\",\"urlTemplate\":\"https:\/\/www.gilplastic.com\/?s={search_term_string}\"},\"query-input\":{\"@type\":\"PropertyValueSpecification\",\"valueRequired\":true,\"valueName\":\"search_term_string\"}}],\"inLanguage\":\"es\"},{\"@type\":\"Organization\",\"@id\":\"https:\/\/www.gilplastic.com\/#organization\",\"name\":\"GilPack\",\"url\":\"https:\/\/www.gilplastic.com\/\",\"logo\":{\"@type\":\"ImageObject\",\"inLanguage\":\"es\",\"@id\":\"https:\/\/www.gilplastic.com\/#\/schema\/logo\/image\/\",\"url\":\"https:\/\/www.gilplastic.com\/wp-content\/uploads\/2021\/06\/logo-e1623762470830.png\",\"contentUrl\":\"https:\/\/www.gilplastic.com\/wp-content\/uploads\/2021\/06\/logo-e1623762470830.png\",\"width\":164,\"height\":52,\"caption\":\"GilPack\"},\"image\":{\"@id\":\"https:\/\/www.gilplastic.com\/#\/schema\/logo\/image\/\"}}]}<\/script>\n<!-- \/ Yoast SEO plugin. -->","yoast_head_json":{"title":"Tapa bisagra de 60 mm con precinto de garant\u00eda - GilPack","description":"La tapa bisagra de 60 mm con precinto inviolable TE es usada en nuestros frascos cil\u00edndricos de boca ancha de tama\u00f1os: 100 ml, 150 ml","robots":{"index":"index","follow":"follow","max-snippet":"max-snippet:-1","max-image-preview":"max-image-preview:large","max-video-preview":"max-video-preview:-1"},"canonical":"https:\/\/www.gilplastic.com\/es\/product\/tapas-es\/tapas-bisagra-con-precinto-de-garantia-te\/tapa-bisagra-de-60-mm-con-precinto-de-garantia\/","og_locale":"es_ES","og_type":"article","og_title":"Tapa bisagra de 60 mm con precinto de garant\u00eda - GilPack","og_description":"La tapa bisagra de 60 mm con precinto inviolable TE es usada en nuestros frascos cil\u00edndricos de boca ancha de tama\u00f1os: 100 ml, 150 ml","og_url":"https:\/\/www.gilplastic.com\/es\/product\/tapas-es\/tapas-bisagra-con-precinto-de-garantia-te\/tapa-bisagra-de-60-mm-con-precinto-de-garantia\/","og_site_name":"GilPack","article_modified_time":"2021-09-05T14:13:30+00:00","twitter_card":"summary_large_image","schema":{"@context":"https:\/\/schema.org","@graph":[{"@type":"WebPage","@id":"https:\/\/www.gilplastic.com\/es\/product\/tapas-es\/tapas-bisagra-con-precinto-de-garantia-te\/tapa-bisagra-de-60-mm-con-precinto-de-garantia\/","url":"https:\/\/www.gilplastic.com\/es\/product\/tapas-es\/tapas-bisagra-con-precinto-de-garantia-te\/tapa-bisagra-de-60-mm-con-precinto-de-garantia\/","name":"Tapa bisagra de 60 mm con precinto de garant\u00eda - GilPack","isPartOf":{"@id":"https:\/\/www.gilplastic.com\/#website"},"datePublished":"2021-07-25T19:47:47+00:00","dateModified":"2021-09-05T14:13:30+00:00","description":"La tapa bisagra de 60 mm con precinto inviolable TE es usada en nuestros frascos cil\u00edndricos de boca ancha de tama\u00f1os: 100 ml, 150 ml","breadcrumb":{"@id":"https:\/\/www.gilplastic.com\/es\/product\/tapas-es\/tapas-bisagra-con-precinto-de-garantia-te\/tapa-bisagra-de-60-mm-con-precinto-de-garantia\/#breadcrumb"},"inLanguage":"es","potentialAction":[{"@type":"ReadAction","target":["https:\/\/www.gilplastic.com\/es\/product\/tapas-es\/tapas-bisagra-con-precinto-de-garantia-te\/tapa-bisagra-de-60-mm-con-precinto-de-garantia\/"]}]},{"@type":"BreadcrumbList","@id":"https:\/\/www.gilplastic.com\/es\/product\/tapas-es\/tapas-bisagra-con-precinto-de-garantia-te\/tapa-bisagra-de-60-mm-con-precinto-de-garantia\/#breadcrumb","itemListElement":[{"@type":"ListItem","position":1,"name":"Home","item":"https:\/\/www.gilplastic.com\/es\/"},{"@type":"ListItem","position":2,"name":"Products","item":"https:\/\/www.gilplastic.com\/shop\/"},{"@type":"ListItem","position":3,"name":"Tapa bisagra de 60 mm con precinto de garant\u00eda"}]},{"@type":"WebSite","@id":"https:\/\/www.gilplastic.com\/#website","url":"https:\/\/www.gilplastic.com\/","name":"GilPack","description":"","publisher":{"@id":"https:\/\/www.gilplastic.com\/#organization"},"potentialAction":[{"@type":"SearchAction","target":{"@type":"EntryPoint","urlTemplate":"https:\/\/www.gilplastic.com\/?s={search_term_string}"},"query-input":{"@type":"PropertyValueSpecification","valueRequired":true,"valueName":"search_term_string"}}],"inLanguage":"es"},{"@type":"Organization","@id":"https:\/\/www.gilplastic.com\/#organization","name":"GilPack","url":"https:\/\/www.gilplastic.com\/","logo":{"@type":"ImageObject","inLanguage":"es","@id":"https:\/\/www.gilplastic.com\/#\/schema\/logo\/image\/","url":"https:\/\/www.gilplastic.com\/wp-content\/uploads\/2021\/06\/logo-e1623762470830.png","contentUrl":"https:\/\/www.gilplastic.com\/wp-content\/uploads\/2021\/06\/logo-e1623762470830.png","width":164,"height":52,"caption":"GilPack"},"image":{"@id":"https:\/\/www.gilplastic.com\/#\/schema\/logo\/image\/"}}]}},"_links":{"self":[{"href":"https:\/\/www.gilplastic.com\/es\/wp-json\/wp\/v2\/product\/2280","targetHints":{"allow":["GET"]}}],"collection":[{"href":"https:\/\/www.gilplastic.com\/es\/wp-json\/wp\/v2\/product"}],"about":[{"href":"https:\/\/www.gilplastic.com\/es\/wp-json\/wp\/v2\/types\/product"}],"wp:attachment":[{"href":"https:\/\/www.gilplastic.com\/es\/wp-json\/wp\/v2\/media?parent=2280"}],"wp:term":[{"taxonomy":"product_brand","embeddable":true,"href":"https:\/\/www.gilplastic.com\/es\/wp-json\/wp\/v2\/product_brand?post=2280"},{"taxonomy":"product_cat","embeddable":true,"href":"https:\/\/www.gilplastic.com\/es\/wp-json\/wp\/v2\/product_cat?post=2280"},{"taxonomy":"product_tag","embeddable":true,"href":"https:\/\/www.gilplastic.com\/es\/wp-json\/wp\/v2\/product_tag?post=2280"}],"curies":[{"name":"wp","href":"https:\/\/api.w.org\/{rel}","templated":true}]}}