{"id":2260,"date":"2021-07-23T01:01:50","date_gmt":"2021-07-22T22:01:50","guid":{"rendered":"https:\/\/theguy4u.co.il\/gilpack\/product\/sin%20categor\u00eda\/%d7%a6%d7%a0%d7%a6%d7%a0%d7%aa-300-%d7%9e%d7%9c-%d7%a4%d7%99%d7%99%d7%94-53-400\/"},"modified":"2021-09-03T20:06:08","modified_gmt":"2021-09-03T17:06:08","slug":"frasco-de-boca-ancha-300-ml-cuello-53-400","status":"publish","type":"product","link":"https:\/\/www.gilplastic.com\/es\/product\/frascos\/frascos-hdpe-de-boca-ancha\/frasco-de-boca-ancha-300-ml-cuello-53-400\/","title":{"rendered":"Frasco de boca ancha, 300 ml, cuello 53-400"},"content":{"rendered":"<p dir=\"ltr\">Frascos pl\u00e1sticos de 300 ml, de boca ancha, usados principalmente para envasar productos m\u00e9dicos y suplementos alimenticios s\u00f3lidos &#8211; tales como pastillas, c\u00e1psulas, comprimidos, softgels, y dem\u00e1s substancias s\u00f3lidas.<\/p>\n","protected":false},"excerpt":{"rendered":"<p>Frascos pl\u00e1sticos de 300 ml, de boca ancha, usados principalmente para envasar productos m\u00e9dicos y suplementos alimenticios s\u00f3lidos<\/p>\n","protected":false},"featured_media":0,"template":"","meta":{"_acf_changed":false},"product_brand":[],"product_cat":[86,151],"product_tag":[],"class_list":{"0":"post-2260","1":"product","2":"type-product","3":"status-publish","5":"product_cat-frascos","6":"product_cat-frascos-hdpe-de-boca-ancha","8":"first","9":"instock","10":"shipping-taxable","11":"product-type-simple"},"acf":[],"yoast_head":"<!-- This site is optimized with the Yoast SEO plugin v27.2 - https:\/\/yoast.com\/product\/yoast-seo-wordpress\/ -->\n<title>Frasco de boca ancha, 300 ml, cuello 53-400 - GilPack<\/title>\n<meta name=\"description\" content=\"Frascos pl\u00e1sticos de 300 ml, de boca ancha, usados principalmente para envasar productos m\u00e9dicos y suplementos alimenticios s\u00f3lidos\" \/>\n<meta name=\"robots\" content=\"index, follow, max-snippet:-1, max-image-preview:large, max-video-preview:-1\" \/>\n<link rel=\"canonical\" href=\"https:\/\/www.gilplastic.com\/es\/product\/frascos\/frascos-hdpe-de-boca-ancha\/frasco-de-boca-ancha-300-ml-cuello-53-400\/\" \/>\n<meta property=\"og:locale\" content=\"es_ES\" \/>\n<meta property=\"og:type\" content=\"article\" \/>\n<meta property=\"og:title\" content=\"Frasco de boca ancha, 300 ml, cuello 53-400 - GilPack\" \/>\n<meta property=\"og:description\" content=\"Frascos pl\u00e1sticos de 300 ml, de boca ancha, usados principalmente para envasar productos m\u00e9dicos y suplementos alimenticios s\u00f3lidos\" \/>\n<meta property=\"og:url\" content=\"https:\/\/www.gilplastic.com\/es\/product\/frascos\/frascos-hdpe-de-boca-ancha\/frasco-de-boca-ancha-300-ml-cuello-53-400\/\" \/>\n<meta property=\"og:site_name\" content=\"GilPack\" \/>\n<meta property=\"article:modified_time\" content=\"2021-09-03T17:06:08+00:00\" \/>\n<meta name=\"twitter:card\" content=\"summary_large_image\" \/>\n<script type=\"application\/ld+json\" class=\"yoast-schema-graph\">{\"@context\":\"https:\/\/schema.org\",\"@graph\":[{\"@type\":\"WebPage\",\"@id\":\"https:\/\/www.gilplastic.com\/es\/product\/frascos\/frascos-hdpe-de-boca-ancha\/frasco-de-boca-ancha-300-ml-cuello-53-400\/\",\"url\":\"https:\/\/www.gilplastic.com\/es\/product\/frascos\/frascos-hdpe-de-boca-ancha\/frasco-de-boca-ancha-300-ml-cuello-53-400\/\",\"name\":\"Frasco de boca ancha, 300 ml, cuello 53-400 - GilPack\",\"isPartOf\":{\"@id\":\"https:\/\/www.gilplastic.com\/#website\"},\"datePublished\":\"2021-07-22T22:01:50+00:00\",\"dateModified\":\"2021-09-03T17:06:08+00:00\",\"description\":\"Frascos pl\u00e1sticos de 300 ml, de boca ancha, usados principalmente para envasar productos m\u00e9dicos y suplementos alimenticios s\u00f3lidos\",\"breadcrumb\":{\"@id\":\"https:\/\/www.gilplastic.com\/es\/product\/frascos\/frascos-hdpe-de-boca-ancha\/frasco-de-boca-ancha-300-ml-cuello-53-400\/#breadcrumb\"},\"inLanguage\":\"es\",\"potentialAction\":[{\"@type\":\"ReadAction\",\"target\":[\"https:\/\/www.gilplastic.com\/es\/product\/frascos\/frascos-hdpe-de-boca-ancha\/frasco-de-boca-ancha-300-ml-cuello-53-400\/\"]}]},{\"@type\":\"BreadcrumbList\",\"@id\":\"https:\/\/www.gilplastic.com\/es\/product\/frascos\/frascos-hdpe-de-boca-ancha\/frasco-de-boca-ancha-300-ml-cuello-53-400\/#breadcrumb\",\"itemListElement\":[{\"@type\":\"ListItem\",\"position\":1,\"name\":\"Home\",\"item\":\"https:\/\/www.gilplastic.com\/es\/\"},{\"@type\":\"ListItem\",\"position\":2,\"name\":\"Products\",\"item\":\"https:\/\/www.gilplastic.com\/shop\/\"},{\"@type\":\"ListItem\",\"position\":3,\"name\":\"Frasco de boca ancha, 300 ml, cuello 53-400\"}]},{\"@type\":\"WebSite\",\"@id\":\"https:\/\/www.gilplastic.com\/#website\",\"url\":\"https:\/\/www.gilplastic.com\/\",\"name\":\"GilPack\",\"description\":\"\",\"publisher\":{\"@id\":\"https:\/\/www.gilplastic.com\/#organization\"},\"potentialAction\":[{\"@type\":\"SearchAction\",\"target\":{\"@type\":\"EntryPoint\",\"urlTemplate\":\"https:\/\/www.gilplastic.com\/?s={search_term_string}\"},\"query-input\":{\"@type\":\"PropertyValueSpecification\",\"valueRequired\":true,\"valueName\":\"search_term_string\"}}],\"inLanguage\":\"es\"},{\"@type\":\"Organization\",\"@id\":\"https:\/\/www.gilplastic.com\/#organization\",\"name\":\"GilPack\",\"url\":\"https:\/\/www.gilplastic.com\/\",\"logo\":{\"@type\":\"ImageObject\",\"inLanguage\":\"es\",\"@id\":\"https:\/\/www.gilplastic.com\/#\/schema\/logo\/image\/\",\"url\":\"https:\/\/www.gilplastic.com\/wp-content\/uploads\/2021\/06\/logo-e1623762470830.png\",\"contentUrl\":\"https:\/\/www.gilplastic.com\/wp-content\/uploads\/2021\/06\/logo-e1623762470830.png\",\"width\":164,\"height\":52,\"caption\":\"GilPack\"},\"image\":{\"@id\":\"https:\/\/www.gilplastic.com\/#\/schema\/logo\/image\/\"}}]}<\/script>\n<!-- \/ Yoast SEO plugin. -->","yoast_head_json":{"title":"Frasco de boca ancha, 300 ml, cuello 53-400 - GilPack","description":"Frascos pl\u00e1sticos de 300 ml, de boca ancha, usados principalmente para envasar productos m\u00e9dicos y suplementos alimenticios s\u00f3lidos","robots":{"index":"index","follow":"follow","max-snippet":"max-snippet:-1","max-image-preview":"max-image-preview:large","max-video-preview":"max-video-preview:-1"},"canonical":"https:\/\/www.gilplastic.com\/es\/product\/frascos\/frascos-hdpe-de-boca-ancha\/frasco-de-boca-ancha-300-ml-cuello-53-400\/","og_locale":"es_ES","og_type":"article","og_title":"Frasco de boca ancha, 300 ml, cuello 53-400 - GilPack","og_description":"Frascos pl\u00e1sticos de 300 ml, de boca ancha, usados principalmente para envasar productos m\u00e9dicos y suplementos alimenticios s\u00f3lidos","og_url":"https:\/\/www.gilplastic.com\/es\/product\/frascos\/frascos-hdpe-de-boca-ancha\/frasco-de-boca-ancha-300-ml-cuello-53-400\/","og_site_name":"GilPack","article_modified_time":"2021-09-03T17:06:08+00:00","twitter_card":"summary_large_image","schema":{"@context":"https:\/\/schema.org","@graph":[{"@type":"WebPage","@id":"https:\/\/www.gilplastic.com\/es\/product\/frascos\/frascos-hdpe-de-boca-ancha\/frasco-de-boca-ancha-300-ml-cuello-53-400\/","url":"https:\/\/www.gilplastic.com\/es\/product\/frascos\/frascos-hdpe-de-boca-ancha\/frasco-de-boca-ancha-300-ml-cuello-53-400\/","name":"Frasco de boca ancha, 300 ml, cuello 53-400 - GilPack","isPartOf":{"@id":"https:\/\/www.gilplastic.com\/#website"},"datePublished":"2021-07-22T22:01:50+00:00","dateModified":"2021-09-03T17:06:08+00:00","description":"Frascos pl\u00e1sticos de 300 ml, de boca ancha, usados principalmente para envasar productos m\u00e9dicos y suplementos alimenticios s\u00f3lidos","breadcrumb":{"@id":"https:\/\/www.gilplastic.com\/es\/product\/frascos\/frascos-hdpe-de-boca-ancha\/frasco-de-boca-ancha-300-ml-cuello-53-400\/#breadcrumb"},"inLanguage":"es","potentialAction":[{"@type":"ReadAction","target":["https:\/\/www.gilplastic.com\/es\/product\/frascos\/frascos-hdpe-de-boca-ancha\/frasco-de-boca-ancha-300-ml-cuello-53-400\/"]}]},{"@type":"BreadcrumbList","@id":"https:\/\/www.gilplastic.com\/es\/product\/frascos\/frascos-hdpe-de-boca-ancha\/frasco-de-boca-ancha-300-ml-cuello-53-400\/#breadcrumb","itemListElement":[{"@type":"ListItem","position":1,"name":"Home","item":"https:\/\/www.gilplastic.com\/es\/"},{"@type":"ListItem","position":2,"name":"Products","item":"https:\/\/www.gilplastic.com\/shop\/"},{"@type":"ListItem","position":3,"name":"Frasco de boca ancha, 300 ml, cuello 53-400"}]},{"@type":"WebSite","@id":"https:\/\/www.gilplastic.com\/#website","url":"https:\/\/www.gilplastic.com\/","name":"GilPack","description":"","publisher":{"@id":"https:\/\/www.gilplastic.com\/#organization"},"potentialAction":[{"@type":"SearchAction","target":{"@type":"EntryPoint","urlTemplate":"https:\/\/www.gilplastic.com\/?s={search_term_string}"},"query-input":{"@type":"PropertyValueSpecification","valueRequired":true,"valueName":"search_term_string"}}],"inLanguage":"es"},{"@type":"Organization","@id":"https:\/\/www.gilplastic.com\/#organization","name":"GilPack","url":"https:\/\/www.gilplastic.com\/","logo":{"@type":"ImageObject","inLanguage":"es","@id":"https:\/\/www.gilplastic.com\/#\/schema\/logo\/image\/","url":"https:\/\/www.gilplastic.com\/wp-content\/uploads\/2021\/06\/logo-e1623762470830.png","contentUrl":"https:\/\/www.gilplastic.com\/wp-content\/uploads\/2021\/06\/logo-e1623762470830.png","width":164,"height":52,"caption":"GilPack"},"image":{"@id":"https:\/\/www.gilplastic.com\/#\/schema\/logo\/image\/"}}]}},"_links":{"self":[{"href":"https:\/\/www.gilplastic.com\/es\/wp-json\/wp\/v2\/product\/2260","targetHints":{"allow":["GET"]}}],"collection":[{"href":"https:\/\/www.gilplastic.com\/es\/wp-json\/wp\/v2\/product"}],"about":[{"href":"https:\/\/www.gilplastic.com\/es\/wp-json\/wp\/v2\/types\/product"}],"wp:attachment":[{"href":"https:\/\/www.gilplastic.com\/es\/wp-json\/wp\/v2\/media?parent=2260"}],"wp:term":[{"taxonomy":"product_brand","embeddable":true,"href":"https:\/\/www.gilplastic.com\/es\/wp-json\/wp\/v2\/product_brand?post=2260"},{"taxonomy":"product_cat","embeddable":true,"href":"https:\/\/www.gilplastic.com\/es\/wp-json\/wp\/v2\/product_cat?post=2260"},{"taxonomy":"product_tag","embeddable":true,"href":"https:\/\/www.gilplastic.com\/es\/wp-json\/wp\/v2\/product_tag?post=2260"}],"curies":[{"name":"wp","href":"https:\/\/api.w.org\/{rel}","templated":true}]}}