{"id":2242,"date":"2021-07-23T15:03:17","date_gmt":"2021-07-23T12:03:17","guid":{"rendered":"https:\/\/theguy4u.co.il\/gilpack\/product\/sin%20categor\u00eda\/%d7%a6%d7%a0%d7%a6%d7%a0%d7%aa-400-%d7%9e%d7%9c-%d7%a4%d7%99%d7%99%d7%94-45-400\/"},"modified":"2021-09-03T16:57:56","modified_gmt":"2021-09-03T13:57:56","slug":"pastillero-pet-de-400-ml","status":"publish","type":"product","link":"https:\/\/www.gilplastic.com\/es\/product\/frascos\/frascos-pet-pastilleros\/pastillero-pet-de-400-ml\/","title":{"rendered":"Pastillero PET de 400 ml"},"content":{"rendered":"<p dir=\"ltr\">Frascos PET pastilleros de 400 ml, cuello 45-400, usados principalmente para envasar productos m\u00e9dicos s\u00f3lidos &#8211; pastillas, tabletas, c\u00e1psulas y softgels &#8211; y suplementos alimenticios.<\/p>\n<p style=\"text-align: right;\">\n","protected":false},"excerpt":{"rendered":"<p>Frascos PET pastilleros de 400 ml, cuello 45-400, usados principalmente para envasar productos m\u00e9dicos s\u00f3lidos &#8211; pastillas, tabletas,<\/p>\n","protected":false},"featured_media":0,"template":"","meta":{"_acf_changed":false},"product_brand":[],"product_cat":[86,150],"product_tag":[],"class_list":{"0":"post-2242","1":"product","2":"type-product","3":"status-publish","5":"product_cat-frascos","6":"product_cat-frascos-pet-pastilleros","8":"first","9":"instock","10":"shipping-taxable","11":"product-type-simple"},"acf":[],"yoast_head":"<!-- This site is optimized with the Yoast SEO plugin v27.2 - https:\/\/yoast.com\/product\/yoast-seo-wordpress\/ -->\n<title>Pastillero PET de 400 ml - GilPack<\/title>\n<meta name=\"description\" content=\"Frascos PET pastilleros de 400 ml, cuello 45-400, usados principalmente para envasar productos m\u00e9dicos s\u00f3lidos - pastillas, tabletas,\" \/>\n<meta name=\"robots\" content=\"index, follow, max-snippet:-1, max-image-preview:large, max-video-preview:-1\" \/>\n<link rel=\"canonical\" href=\"https:\/\/www.gilplastic.com\/es\/product\/frascos\/frascos-pet-pastilleros\/pastillero-pet-de-400-ml\/\" \/>\n<meta property=\"og:locale\" content=\"es_ES\" \/>\n<meta property=\"og:type\" content=\"article\" \/>\n<meta property=\"og:title\" content=\"Pastillero PET de 400 ml - GilPack\" \/>\n<meta property=\"og:description\" content=\"Frascos PET pastilleros de 400 ml, cuello 45-400, usados principalmente para envasar productos m\u00e9dicos s\u00f3lidos - pastillas, tabletas,\" \/>\n<meta property=\"og:url\" content=\"https:\/\/www.gilplastic.com\/es\/product\/frascos\/frascos-pet-pastilleros\/pastillero-pet-de-400-ml\/\" \/>\n<meta property=\"og:site_name\" content=\"GilPack\" \/>\n<meta property=\"article:modified_time\" content=\"2021-09-03T13:57:56+00:00\" \/>\n<meta name=\"twitter:card\" content=\"summary_large_image\" \/>\n<script type=\"application\/ld+json\" class=\"yoast-schema-graph\">{\"@context\":\"https:\/\/schema.org\",\"@graph\":[{\"@type\":\"WebPage\",\"@id\":\"https:\/\/www.gilplastic.com\/es\/product\/frascos\/frascos-pet-pastilleros\/pastillero-pet-de-400-ml\/\",\"url\":\"https:\/\/www.gilplastic.com\/es\/product\/frascos\/frascos-pet-pastilleros\/pastillero-pet-de-400-ml\/\",\"name\":\"Pastillero PET de 400 ml - GilPack\",\"isPartOf\":{\"@id\":\"https:\/\/www.gilplastic.com\/#website\"},\"datePublished\":\"2021-07-23T12:03:17+00:00\",\"dateModified\":\"2021-09-03T13:57:56+00:00\",\"description\":\"Frascos PET pastilleros de 400 ml, cuello 45-400, usados principalmente para envasar productos m\u00e9dicos s\u00f3lidos - pastillas, tabletas,\",\"breadcrumb\":{\"@id\":\"https:\/\/www.gilplastic.com\/es\/product\/frascos\/frascos-pet-pastilleros\/pastillero-pet-de-400-ml\/#breadcrumb\"},\"inLanguage\":\"es\",\"potentialAction\":[{\"@type\":\"ReadAction\",\"target\":[\"https:\/\/www.gilplastic.com\/es\/product\/frascos\/frascos-pet-pastilleros\/pastillero-pet-de-400-ml\/\"]}]},{\"@type\":\"BreadcrumbList\",\"@id\":\"https:\/\/www.gilplastic.com\/es\/product\/frascos\/frascos-pet-pastilleros\/pastillero-pet-de-400-ml\/#breadcrumb\",\"itemListElement\":[{\"@type\":\"ListItem\",\"position\":1,\"name\":\"Home\",\"item\":\"https:\/\/www.gilplastic.com\/es\/\"},{\"@type\":\"ListItem\",\"position\":2,\"name\":\"Products\",\"item\":\"https:\/\/www.gilplastic.com\/shop\/\"},{\"@type\":\"ListItem\",\"position\":3,\"name\":\"Pastillero PET de 400 ml\"}]},{\"@type\":\"WebSite\",\"@id\":\"https:\/\/www.gilplastic.com\/#website\",\"url\":\"https:\/\/www.gilplastic.com\/\",\"name\":\"GilPack\",\"description\":\"\",\"publisher\":{\"@id\":\"https:\/\/www.gilplastic.com\/#organization\"},\"potentialAction\":[{\"@type\":\"SearchAction\",\"target\":{\"@type\":\"EntryPoint\",\"urlTemplate\":\"https:\/\/www.gilplastic.com\/?s={search_term_string}\"},\"query-input\":{\"@type\":\"PropertyValueSpecification\",\"valueRequired\":true,\"valueName\":\"search_term_string\"}}],\"inLanguage\":\"es\"},{\"@type\":\"Organization\",\"@id\":\"https:\/\/www.gilplastic.com\/#organization\",\"name\":\"GilPack\",\"url\":\"https:\/\/www.gilplastic.com\/\",\"logo\":{\"@type\":\"ImageObject\",\"inLanguage\":\"es\",\"@id\":\"https:\/\/www.gilplastic.com\/#\/schema\/logo\/image\/\",\"url\":\"https:\/\/www.gilplastic.com\/wp-content\/uploads\/2021\/06\/logo-e1623762470830.png\",\"contentUrl\":\"https:\/\/www.gilplastic.com\/wp-content\/uploads\/2021\/06\/logo-e1623762470830.png\",\"width\":164,\"height\":52,\"caption\":\"GilPack\"},\"image\":{\"@id\":\"https:\/\/www.gilplastic.com\/#\/schema\/logo\/image\/\"}}]}<\/script>\n<!-- \/ Yoast SEO plugin. -->","yoast_head_json":{"title":"Pastillero PET de 400 ml - GilPack","description":"Frascos PET pastilleros de 400 ml, cuello 45-400, usados principalmente para envasar productos m\u00e9dicos s\u00f3lidos - pastillas, tabletas,","robots":{"index":"index","follow":"follow","max-snippet":"max-snippet:-1","max-image-preview":"max-image-preview:large","max-video-preview":"max-video-preview:-1"},"canonical":"https:\/\/www.gilplastic.com\/es\/product\/frascos\/frascos-pet-pastilleros\/pastillero-pet-de-400-ml\/","og_locale":"es_ES","og_type":"article","og_title":"Pastillero PET de 400 ml - GilPack","og_description":"Frascos PET pastilleros de 400 ml, cuello 45-400, usados principalmente para envasar productos m\u00e9dicos s\u00f3lidos - pastillas, tabletas,","og_url":"https:\/\/www.gilplastic.com\/es\/product\/frascos\/frascos-pet-pastilleros\/pastillero-pet-de-400-ml\/","og_site_name":"GilPack","article_modified_time":"2021-09-03T13:57:56+00:00","twitter_card":"summary_large_image","schema":{"@context":"https:\/\/schema.org","@graph":[{"@type":"WebPage","@id":"https:\/\/www.gilplastic.com\/es\/product\/frascos\/frascos-pet-pastilleros\/pastillero-pet-de-400-ml\/","url":"https:\/\/www.gilplastic.com\/es\/product\/frascos\/frascos-pet-pastilleros\/pastillero-pet-de-400-ml\/","name":"Pastillero PET de 400 ml - GilPack","isPartOf":{"@id":"https:\/\/www.gilplastic.com\/#website"},"datePublished":"2021-07-23T12:03:17+00:00","dateModified":"2021-09-03T13:57:56+00:00","description":"Frascos PET pastilleros de 400 ml, cuello 45-400, usados principalmente para envasar productos m\u00e9dicos s\u00f3lidos - pastillas, tabletas,","breadcrumb":{"@id":"https:\/\/www.gilplastic.com\/es\/product\/frascos\/frascos-pet-pastilleros\/pastillero-pet-de-400-ml\/#breadcrumb"},"inLanguage":"es","potentialAction":[{"@type":"ReadAction","target":["https:\/\/www.gilplastic.com\/es\/product\/frascos\/frascos-pet-pastilleros\/pastillero-pet-de-400-ml\/"]}]},{"@type":"BreadcrumbList","@id":"https:\/\/www.gilplastic.com\/es\/product\/frascos\/frascos-pet-pastilleros\/pastillero-pet-de-400-ml\/#breadcrumb","itemListElement":[{"@type":"ListItem","position":1,"name":"Home","item":"https:\/\/www.gilplastic.com\/es\/"},{"@type":"ListItem","position":2,"name":"Products","item":"https:\/\/www.gilplastic.com\/shop\/"},{"@type":"ListItem","position":3,"name":"Pastillero PET de 400 ml"}]},{"@type":"WebSite","@id":"https:\/\/www.gilplastic.com\/#website","url":"https:\/\/www.gilplastic.com\/","name":"GilPack","description":"","publisher":{"@id":"https:\/\/www.gilplastic.com\/#organization"},"potentialAction":[{"@type":"SearchAction","target":{"@type":"EntryPoint","urlTemplate":"https:\/\/www.gilplastic.com\/?s={search_term_string}"},"query-input":{"@type":"PropertyValueSpecification","valueRequired":true,"valueName":"search_term_string"}}],"inLanguage":"es"},{"@type":"Organization","@id":"https:\/\/www.gilplastic.com\/#organization","name":"GilPack","url":"https:\/\/www.gilplastic.com\/","logo":{"@type":"ImageObject","inLanguage":"es","@id":"https:\/\/www.gilplastic.com\/#\/schema\/logo\/image\/","url":"https:\/\/www.gilplastic.com\/wp-content\/uploads\/2021\/06\/logo-e1623762470830.png","contentUrl":"https:\/\/www.gilplastic.com\/wp-content\/uploads\/2021\/06\/logo-e1623762470830.png","width":164,"height":52,"caption":"GilPack"},"image":{"@id":"https:\/\/www.gilplastic.com\/#\/schema\/logo\/image\/"}}]}},"_links":{"self":[{"href":"https:\/\/www.gilplastic.com\/es\/wp-json\/wp\/v2\/product\/2242","targetHints":{"allow":["GET"]}}],"collection":[{"href":"https:\/\/www.gilplastic.com\/es\/wp-json\/wp\/v2\/product"}],"about":[{"href":"https:\/\/www.gilplastic.com\/es\/wp-json\/wp\/v2\/types\/product"}],"wp:attachment":[{"href":"https:\/\/www.gilplastic.com\/es\/wp-json\/wp\/v2\/media?parent=2242"}],"wp:term":[{"taxonomy":"product_brand","embeddable":true,"href":"https:\/\/www.gilplastic.com\/es\/wp-json\/wp\/v2\/product_brand?post=2242"},{"taxonomy":"product_cat","embeddable":true,"href":"https:\/\/www.gilplastic.com\/es\/wp-json\/wp\/v2\/product_cat?post=2242"},{"taxonomy":"product_tag","embeddable":true,"href":"https:\/\/www.gilplastic.com\/es\/wp-json\/wp\/v2\/product_tag?post=2242"}],"curies":[{"name":"wp","href":"https:\/\/api.w.org\/{rel}","templated":true}]}}