{"id":2216,"date":"2021-07-25T01:09:47","date_gmt":"2021-07-24T22:09:47","guid":{"rendered":"https:\/\/theguy4u.co.il\/gilpack\/product\/sin%20categor\u00eda\/%d7%91%d7%a7%d7%91%d7%95%d7%a7-hdpe-%d7%9e%d7%a2%d7%95%d7%a6%d7%91-%d7%95%d7%99%d7%99%d7%97%d7%95%d7%93%d7%99-%d7%91%d7%a0%d7%a4%d7%97-300-%d7%9e%d7%9c\/"},"modified":"2021-09-02T19:43:35","modified_gmt":"2021-09-02T16:43:35","slug":"botella-para-suplementos-alimenticios-liquidos-300-ml","status":"publish","type":"product","link":"https:\/\/www.gilplastic.com\/es\/product\/botellas\/botellas-para-suplementos-alimenticios-liquidos\/botella-para-suplementos-alimenticios-liquidos-300-ml\/","title":{"rendered":"Botella para Suplementos Alimenticios L\u00edquidos, 300 ml"},"content":{"rendered":"<p dir=\"ltr\">Es una botella de 300ml estilizada de pl\u00e1stico HDPE para suplementos alimenticios l\u00edquidos. Puede ser suministrada con un cierre adaptado, con vaso medidor, con cuchara medidora, etc.<\/p>\n","protected":false},"excerpt":{"rendered":"<p>Es una botella de 300ml estilizada de pl\u00e1stico HDPE para suplementos alimenticios l\u00edquidos.<\/p>\n","protected":false},"featured_media":0,"template":"","meta":{"_acf_changed":false},"product_brand":[],"product_cat":[85,140],"product_tag":[],"class_list":{"0":"post-2216","1":"product","2":"type-product","3":"status-publish","5":"product_cat-botellas","6":"product_cat-botellas-para-suplementos-alimenticios-liquidos","8":"first","9":"instock","10":"shipping-taxable","11":"product-type-simple"},"acf":[],"yoast_head":"<!-- This site is optimized with the Yoast SEO plugin v27.2 - https:\/\/yoast.com\/product\/yoast-seo-wordpress\/ -->\n<title>Botella para Suplementos Alimenticios L\u00edquidos, 300 ml - GilPack<\/title>\n<meta name=\"description\" content=\"Es una botella de 300ml estilizada de pl\u00e1stico HDPE para suplementos alimenticios l\u00edquidos.\" \/>\n<meta name=\"robots\" content=\"index, follow, max-snippet:-1, max-image-preview:large, max-video-preview:-1\" \/>\n<link rel=\"canonical\" href=\"https:\/\/www.gilplastic.com\/es\/product\/botellas\/botellas-para-suplementos-alimenticios-liquidos\/botella-para-suplementos-alimenticios-liquidos-300-ml\/\" \/>\n<meta property=\"og:locale\" content=\"es_ES\" \/>\n<meta property=\"og:type\" content=\"article\" \/>\n<meta property=\"og:title\" content=\"Botella para Suplementos Alimenticios L\u00edquidos, 300 ml - GilPack\" \/>\n<meta property=\"og:description\" content=\"Es una botella de 300ml estilizada de pl\u00e1stico HDPE para suplementos alimenticios l\u00edquidos.\" \/>\n<meta property=\"og:url\" content=\"https:\/\/www.gilplastic.com\/es\/product\/botellas\/botellas-para-suplementos-alimenticios-liquidos\/botella-para-suplementos-alimenticios-liquidos-300-ml\/\" \/>\n<meta property=\"og:site_name\" content=\"GilPack\" \/>\n<meta property=\"article:modified_time\" content=\"2021-09-02T16:43:35+00:00\" \/>\n<meta name=\"twitter:card\" content=\"summary_large_image\" \/>\n<meta name=\"twitter:label1\" content=\"Tiempo de lectura\" \/>\n\t<meta name=\"twitter:data1\" content=\"1 minuto\" \/>\n<script type=\"application\/ld+json\" class=\"yoast-schema-graph\">{\"@context\":\"https:\/\/schema.org\",\"@graph\":[{\"@type\":\"WebPage\",\"@id\":\"https:\/\/www.gilplastic.com\/es\/product\/botellas\/botellas-para-suplementos-alimenticios-liquidos\/botella-para-suplementos-alimenticios-liquidos-300-ml\/\",\"url\":\"https:\/\/www.gilplastic.com\/es\/product\/botellas\/botellas-para-suplementos-alimenticios-liquidos\/botella-para-suplementos-alimenticios-liquidos-300-ml\/\",\"name\":\"Botella para Suplementos Alimenticios L\u00edquidos, 300 ml - GilPack\",\"isPartOf\":{\"@id\":\"https:\/\/www.gilplastic.com\/#website\"},\"datePublished\":\"2021-07-24T22:09:47+00:00\",\"dateModified\":\"2021-09-02T16:43:35+00:00\",\"description\":\"Es una botella de 300ml estilizada de pl\u00e1stico HDPE para suplementos alimenticios l\u00edquidos.\",\"breadcrumb\":{\"@id\":\"https:\/\/www.gilplastic.com\/es\/product\/botellas\/botellas-para-suplementos-alimenticios-liquidos\/botella-para-suplementos-alimenticios-liquidos-300-ml\/#breadcrumb\"},\"inLanguage\":\"es\",\"potentialAction\":[{\"@type\":\"ReadAction\",\"target\":[\"https:\/\/www.gilplastic.com\/es\/product\/botellas\/botellas-para-suplementos-alimenticios-liquidos\/botella-para-suplementos-alimenticios-liquidos-300-ml\/\"]}]},{\"@type\":\"BreadcrumbList\",\"@id\":\"https:\/\/www.gilplastic.com\/es\/product\/botellas\/botellas-para-suplementos-alimenticios-liquidos\/botella-para-suplementos-alimenticios-liquidos-300-ml\/#breadcrumb\",\"itemListElement\":[{\"@type\":\"ListItem\",\"position\":1,\"name\":\"Home\",\"item\":\"https:\/\/www.gilplastic.com\/es\/\"},{\"@type\":\"ListItem\",\"position\":2,\"name\":\"Products\",\"item\":\"https:\/\/www.gilplastic.com\/shop\/\"},{\"@type\":\"ListItem\",\"position\":3,\"name\":\"Botella para Suplementos Alimenticios L\u00edquidos, 300 ml\"}]},{\"@type\":\"WebSite\",\"@id\":\"https:\/\/www.gilplastic.com\/#website\",\"url\":\"https:\/\/www.gilplastic.com\/\",\"name\":\"GilPack\",\"description\":\"\",\"publisher\":{\"@id\":\"https:\/\/www.gilplastic.com\/#organization\"},\"potentialAction\":[{\"@type\":\"SearchAction\",\"target\":{\"@type\":\"EntryPoint\",\"urlTemplate\":\"https:\/\/www.gilplastic.com\/?s={search_term_string}\"},\"query-input\":{\"@type\":\"PropertyValueSpecification\",\"valueRequired\":true,\"valueName\":\"search_term_string\"}}],\"inLanguage\":\"es\"},{\"@type\":\"Organization\",\"@id\":\"https:\/\/www.gilplastic.com\/#organization\",\"name\":\"GilPack\",\"url\":\"https:\/\/www.gilplastic.com\/\",\"logo\":{\"@type\":\"ImageObject\",\"inLanguage\":\"es\",\"@id\":\"https:\/\/www.gilplastic.com\/#\/schema\/logo\/image\/\",\"url\":\"https:\/\/www.gilplastic.com\/wp-content\/uploads\/2021\/06\/logo-e1623762470830.png\",\"contentUrl\":\"https:\/\/www.gilplastic.com\/wp-content\/uploads\/2021\/06\/logo-e1623762470830.png\",\"width\":164,\"height\":52,\"caption\":\"GilPack\"},\"image\":{\"@id\":\"https:\/\/www.gilplastic.com\/#\/schema\/logo\/image\/\"}}]}<\/script>\n<!-- \/ Yoast SEO plugin. -->","yoast_head_json":{"title":"Botella para Suplementos Alimenticios L\u00edquidos, 300 ml - GilPack","description":"Es una botella de 300ml estilizada de pl\u00e1stico HDPE para suplementos alimenticios l\u00edquidos.","robots":{"index":"index","follow":"follow","max-snippet":"max-snippet:-1","max-image-preview":"max-image-preview:large","max-video-preview":"max-video-preview:-1"},"canonical":"https:\/\/www.gilplastic.com\/es\/product\/botellas\/botellas-para-suplementos-alimenticios-liquidos\/botella-para-suplementos-alimenticios-liquidos-300-ml\/","og_locale":"es_ES","og_type":"article","og_title":"Botella para Suplementos Alimenticios L\u00edquidos, 300 ml - GilPack","og_description":"Es una botella de 300ml estilizada de pl\u00e1stico HDPE para suplementos alimenticios l\u00edquidos.","og_url":"https:\/\/www.gilplastic.com\/es\/product\/botellas\/botellas-para-suplementos-alimenticios-liquidos\/botella-para-suplementos-alimenticios-liquidos-300-ml\/","og_site_name":"GilPack","article_modified_time":"2021-09-02T16:43:35+00:00","twitter_card":"summary_large_image","twitter_misc":{"Tiempo de lectura":"1 minuto"},"schema":{"@context":"https:\/\/schema.org","@graph":[{"@type":"WebPage","@id":"https:\/\/www.gilplastic.com\/es\/product\/botellas\/botellas-para-suplementos-alimenticios-liquidos\/botella-para-suplementos-alimenticios-liquidos-300-ml\/","url":"https:\/\/www.gilplastic.com\/es\/product\/botellas\/botellas-para-suplementos-alimenticios-liquidos\/botella-para-suplementos-alimenticios-liquidos-300-ml\/","name":"Botella para Suplementos Alimenticios L\u00edquidos, 300 ml - GilPack","isPartOf":{"@id":"https:\/\/www.gilplastic.com\/#website"},"datePublished":"2021-07-24T22:09:47+00:00","dateModified":"2021-09-02T16:43:35+00:00","description":"Es una botella de 300ml estilizada de pl\u00e1stico HDPE para suplementos alimenticios l\u00edquidos.","breadcrumb":{"@id":"https:\/\/www.gilplastic.com\/es\/product\/botellas\/botellas-para-suplementos-alimenticios-liquidos\/botella-para-suplementos-alimenticios-liquidos-300-ml\/#breadcrumb"},"inLanguage":"es","potentialAction":[{"@type":"ReadAction","target":["https:\/\/www.gilplastic.com\/es\/product\/botellas\/botellas-para-suplementos-alimenticios-liquidos\/botella-para-suplementos-alimenticios-liquidos-300-ml\/"]}]},{"@type":"BreadcrumbList","@id":"https:\/\/www.gilplastic.com\/es\/product\/botellas\/botellas-para-suplementos-alimenticios-liquidos\/botella-para-suplementos-alimenticios-liquidos-300-ml\/#breadcrumb","itemListElement":[{"@type":"ListItem","position":1,"name":"Home","item":"https:\/\/www.gilplastic.com\/es\/"},{"@type":"ListItem","position":2,"name":"Products","item":"https:\/\/www.gilplastic.com\/shop\/"},{"@type":"ListItem","position":3,"name":"Botella para Suplementos Alimenticios L\u00edquidos, 300 ml"}]},{"@type":"WebSite","@id":"https:\/\/www.gilplastic.com\/#website","url":"https:\/\/www.gilplastic.com\/","name":"GilPack","description":"","publisher":{"@id":"https:\/\/www.gilplastic.com\/#organization"},"potentialAction":[{"@type":"SearchAction","target":{"@type":"EntryPoint","urlTemplate":"https:\/\/www.gilplastic.com\/?s={search_term_string}"},"query-input":{"@type":"PropertyValueSpecification","valueRequired":true,"valueName":"search_term_string"}}],"inLanguage":"es"},{"@type":"Organization","@id":"https:\/\/www.gilplastic.com\/#organization","name":"GilPack","url":"https:\/\/www.gilplastic.com\/","logo":{"@type":"ImageObject","inLanguage":"es","@id":"https:\/\/www.gilplastic.com\/#\/schema\/logo\/image\/","url":"https:\/\/www.gilplastic.com\/wp-content\/uploads\/2021\/06\/logo-e1623762470830.png","contentUrl":"https:\/\/www.gilplastic.com\/wp-content\/uploads\/2021\/06\/logo-e1623762470830.png","width":164,"height":52,"caption":"GilPack"},"image":{"@id":"https:\/\/www.gilplastic.com\/#\/schema\/logo\/image\/"}}]}},"_links":{"self":[{"href":"https:\/\/www.gilplastic.com\/es\/wp-json\/wp\/v2\/product\/2216","targetHints":{"allow":["GET"]}}],"collection":[{"href":"https:\/\/www.gilplastic.com\/es\/wp-json\/wp\/v2\/product"}],"about":[{"href":"https:\/\/www.gilplastic.com\/es\/wp-json\/wp\/v2\/types\/product"}],"wp:attachment":[{"href":"https:\/\/www.gilplastic.com\/es\/wp-json\/wp\/v2\/media?parent=2216"}],"wp:term":[{"taxonomy":"product_brand","embeddable":true,"href":"https:\/\/www.gilplastic.com\/es\/wp-json\/wp\/v2\/product_brand?post=2216"},{"taxonomy":"product_cat","embeddable":true,"href":"https:\/\/www.gilplastic.com\/es\/wp-json\/wp\/v2\/product_cat?post=2216"},{"taxonomy":"product_tag","embeddable":true,"href":"https:\/\/www.gilplastic.com\/es\/wp-json\/wp\/v2\/product_tag?post=2216"}],"curies":[{"name":"wp","href":"https:\/\/api.w.org\/{rel}","templated":true}]}}