{"id":2213,"date":"2021-07-25T01:35:38","date_gmt":"2021-07-24T22:35:38","guid":{"rendered":"https:\/\/theguy4u.co.il\/gilpack\/product\/sin%20categor\u00eda\/%d7%a7%d7%a8%d7%97%d7%95%d7%9d-%d7%a4%d7%9c%d7%a1%d7%98%d7%99%d7%a7-%d7%91%d7%a0%d7%a4%d7%97-300-%d7%9e%d7%9c\/"},"modified":"2021-09-02T19:23:45","modified_gmt":"2021-09-02T16:23:45","slug":"ice-packs-elementos-refrigerantes","status":"publish","type":"product","link":"https:\/\/www.gilplastic.com\/es\/product\/botellas\/ice-packs-elementos-refrigerantes\/ice-packs-elementos-refrigerantes\/","title":{"rendered":"Ice Packs (Elementos Refrigerantes)"},"content":{"rendered":"<p dir=\"ltr\"><strong>Aplicaci\u00f3n<\/strong>:\u00a0Los Ice Packs son \u00abbolsas\u00bb o paquetes de hielo, usados como elemento refrigerante para el transporte de productos sensibles al calor. Proveemos contenedores vac\u00edos para refrigerante (con sus cierres), que nuestros clientes podr\u00e1n llenar con agua o gel refrigerante y luego usarlos para refrigerar sus productos durante el transporte.<\/p>\n<p dir=\"ltr\"><strong>Material<\/strong>: HDPE<\/p>\n<p dir=\"ltr\"><strong>Cierres<\/strong>:\u00a0Suministramos los ice packs con un tap\u00f3n que cierra herm\u00e9ticamente al contenedor.<\/p>\n<p dir=\"ltr\"><strong>Colores<\/strong>:\u00a0Natural (color lechoso).\u00a0Cualquier otro color a seleccionar estar\u00e1 disponible para \u00f3rdenes de un m\u00ednimo de 20.000 unidades.<\/p>\n","protected":false},"excerpt":{"rendered":"<p>Aplicaci\u00f3n:\u00a0Los Ice Packs son \u00abbolsas\u00bb o paquetes de hielo, usados como elemento refrigerante para el transporte de productos sensibles al calor.<\/p>\n","protected":false},"featured_media":0,"template":"","meta":{"_acf_changed":false},"product_brand":[],"product_cat":[85,142],"product_tag":[],"class_list":{"0":"post-2213","1":"product","2":"type-product","3":"status-publish","5":"product_cat-botellas","6":"product_cat-ice-packs-elementos-refrigerantes","8":"first","9":"instock","10":"shipping-taxable","11":"product-type-simple"},"acf":[],"yoast_head":"<!-- This site is optimized with the Yoast SEO plugin v27.2 - https:\/\/yoast.com\/product\/yoast-seo-wordpress\/ -->\n<title>Ice Packs (Elementos Refrigerantes) - GilPack<\/title>\n<meta name=\"description\" content=\"Aplicaci\u00f3n:\u00a0Los Ice Packs son &quot;bolsas&quot; o paquetes de hielo, usados como elemento refrigerante para el transporte de productos sensibles al calor.\" \/>\n<meta name=\"robots\" content=\"index, follow, max-snippet:-1, max-image-preview:large, max-video-preview:-1\" \/>\n<link rel=\"canonical\" href=\"https:\/\/www.gilplastic.com\/es\/product\/botellas\/ice-packs-elementos-refrigerantes\/ice-packs-elementos-refrigerantes\/\" \/>\n<meta property=\"og:locale\" content=\"es_ES\" \/>\n<meta property=\"og:type\" content=\"article\" \/>\n<meta property=\"og:title\" content=\"Ice Packs (Elementos Refrigerantes) - GilPack\" \/>\n<meta property=\"og:description\" content=\"Aplicaci\u00f3n:\u00a0Los Ice Packs son &quot;bolsas&quot; o paquetes de hielo, usados como elemento refrigerante para el transporte de productos sensibles al calor.\" \/>\n<meta property=\"og:url\" content=\"https:\/\/www.gilplastic.com\/es\/product\/botellas\/ice-packs-elementos-refrigerantes\/ice-packs-elementos-refrigerantes\/\" \/>\n<meta property=\"og:site_name\" content=\"GilPack\" \/>\n<meta property=\"article:modified_time\" content=\"2021-09-02T16:23:45+00:00\" \/>\n<meta name=\"twitter:card\" content=\"summary_large_image\" \/>\n<script type=\"application\/ld+json\" class=\"yoast-schema-graph\">{\"@context\":\"https:\/\/schema.org\",\"@graph\":[{\"@type\":\"WebPage\",\"@id\":\"https:\/\/www.gilplastic.com\/es\/product\/botellas\/ice-packs-elementos-refrigerantes\/ice-packs-elementos-refrigerantes\/\",\"url\":\"https:\/\/www.gilplastic.com\/es\/product\/botellas\/ice-packs-elementos-refrigerantes\/ice-packs-elementos-refrigerantes\/\",\"name\":\"Ice Packs (Elementos Refrigerantes) - GilPack\",\"isPartOf\":{\"@id\":\"https:\/\/www.gilplastic.com\/#website\"},\"datePublished\":\"2021-07-24T22:35:38+00:00\",\"dateModified\":\"2021-09-02T16:23:45+00:00\",\"description\":\"Aplicaci\u00f3n:\u00a0Los Ice Packs son \\\"bolsas\\\" o paquetes de hielo, usados como elemento refrigerante para el transporte de productos sensibles al calor.\",\"breadcrumb\":{\"@id\":\"https:\/\/www.gilplastic.com\/es\/product\/botellas\/ice-packs-elementos-refrigerantes\/ice-packs-elementos-refrigerantes\/#breadcrumb\"},\"inLanguage\":\"es\",\"potentialAction\":[{\"@type\":\"ReadAction\",\"target\":[\"https:\/\/www.gilplastic.com\/es\/product\/botellas\/ice-packs-elementos-refrigerantes\/ice-packs-elementos-refrigerantes\/\"]}]},{\"@type\":\"BreadcrumbList\",\"@id\":\"https:\/\/www.gilplastic.com\/es\/product\/botellas\/ice-packs-elementos-refrigerantes\/ice-packs-elementos-refrigerantes\/#breadcrumb\",\"itemListElement\":[{\"@type\":\"ListItem\",\"position\":1,\"name\":\"Home\",\"item\":\"https:\/\/www.gilplastic.com\/es\/\"},{\"@type\":\"ListItem\",\"position\":2,\"name\":\"Products\",\"item\":\"https:\/\/www.gilplastic.com\/shop\/\"},{\"@type\":\"ListItem\",\"position\":3,\"name\":\"Ice Packs (Elementos Refrigerantes)\"}]},{\"@type\":\"WebSite\",\"@id\":\"https:\/\/www.gilplastic.com\/#website\",\"url\":\"https:\/\/www.gilplastic.com\/\",\"name\":\"GilPack\",\"description\":\"\",\"publisher\":{\"@id\":\"https:\/\/www.gilplastic.com\/#organization\"},\"potentialAction\":[{\"@type\":\"SearchAction\",\"target\":{\"@type\":\"EntryPoint\",\"urlTemplate\":\"https:\/\/www.gilplastic.com\/?s={search_term_string}\"},\"query-input\":{\"@type\":\"PropertyValueSpecification\",\"valueRequired\":true,\"valueName\":\"search_term_string\"}}],\"inLanguage\":\"es\"},{\"@type\":\"Organization\",\"@id\":\"https:\/\/www.gilplastic.com\/#organization\",\"name\":\"GilPack\",\"url\":\"https:\/\/www.gilplastic.com\/\",\"logo\":{\"@type\":\"ImageObject\",\"inLanguage\":\"es\",\"@id\":\"https:\/\/www.gilplastic.com\/#\/schema\/logo\/image\/\",\"url\":\"https:\/\/www.gilplastic.com\/wp-content\/uploads\/2021\/06\/logo-e1623762470830.png\",\"contentUrl\":\"https:\/\/www.gilplastic.com\/wp-content\/uploads\/2021\/06\/logo-e1623762470830.png\",\"width\":164,\"height\":52,\"caption\":\"GilPack\"},\"image\":{\"@id\":\"https:\/\/www.gilplastic.com\/#\/schema\/logo\/image\/\"}}]}<\/script>\n<!-- \/ Yoast SEO plugin. -->","yoast_head_json":{"title":"Ice Packs (Elementos Refrigerantes) - GilPack","description":"Aplicaci\u00f3n:\u00a0Los Ice Packs son \"bolsas\" o paquetes de hielo, usados como elemento refrigerante para el transporte de productos sensibles al calor.","robots":{"index":"index","follow":"follow","max-snippet":"max-snippet:-1","max-image-preview":"max-image-preview:large","max-video-preview":"max-video-preview:-1"},"canonical":"https:\/\/www.gilplastic.com\/es\/product\/botellas\/ice-packs-elementos-refrigerantes\/ice-packs-elementos-refrigerantes\/","og_locale":"es_ES","og_type":"article","og_title":"Ice Packs (Elementos Refrigerantes) - GilPack","og_description":"Aplicaci\u00f3n:\u00a0Los Ice Packs son \"bolsas\" o paquetes de hielo, usados como elemento refrigerante para el transporte de productos sensibles al calor.","og_url":"https:\/\/www.gilplastic.com\/es\/product\/botellas\/ice-packs-elementos-refrigerantes\/ice-packs-elementos-refrigerantes\/","og_site_name":"GilPack","article_modified_time":"2021-09-02T16:23:45+00:00","twitter_card":"summary_large_image","schema":{"@context":"https:\/\/schema.org","@graph":[{"@type":"WebPage","@id":"https:\/\/www.gilplastic.com\/es\/product\/botellas\/ice-packs-elementos-refrigerantes\/ice-packs-elementos-refrigerantes\/","url":"https:\/\/www.gilplastic.com\/es\/product\/botellas\/ice-packs-elementos-refrigerantes\/ice-packs-elementos-refrigerantes\/","name":"Ice Packs (Elementos Refrigerantes) - GilPack","isPartOf":{"@id":"https:\/\/www.gilplastic.com\/#website"},"datePublished":"2021-07-24T22:35:38+00:00","dateModified":"2021-09-02T16:23:45+00:00","description":"Aplicaci\u00f3n:\u00a0Los Ice Packs son \"bolsas\" o paquetes de hielo, usados como elemento refrigerante para el transporte de productos sensibles al calor.","breadcrumb":{"@id":"https:\/\/www.gilplastic.com\/es\/product\/botellas\/ice-packs-elementos-refrigerantes\/ice-packs-elementos-refrigerantes\/#breadcrumb"},"inLanguage":"es","potentialAction":[{"@type":"ReadAction","target":["https:\/\/www.gilplastic.com\/es\/product\/botellas\/ice-packs-elementos-refrigerantes\/ice-packs-elementos-refrigerantes\/"]}]},{"@type":"BreadcrumbList","@id":"https:\/\/www.gilplastic.com\/es\/product\/botellas\/ice-packs-elementos-refrigerantes\/ice-packs-elementos-refrigerantes\/#breadcrumb","itemListElement":[{"@type":"ListItem","position":1,"name":"Home","item":"https:\/\/www.gilplastic.com\/es\/"},{"@type":"ListItem","position":2,"name":"Products","item":"https:\/\/www.gilplastic.com\/shop\/"},{"@type":"ListItem","position":3,"name":"Ice Packs (Elementos Refrigerantes)"}]},{"@type":"WebSite","@id":"https:\/\/www.gilplastic.com\/#website","url":"https:\/\/www.gilplastic.com\/","name":"GilPack","description":"","publisher":{"@id":"https:\/\/www.gilplastic.com\/#organization"},"potentialAction":[{"@type":"SearchAction","target":{"@type":"EntryPoint","urlTemplate":"https:\/\/www.gilplastic.com\/?s={search_term_string}"},"query-input":{"@type":"PropertyValueSpecification","valueRequired":true,"valueName":"search_term_string"}}],"inLanguage":"es"},{"@type":"Organization","@id":"https:\/\/www.gilplastic.com\/#organization","name":"GilPack","url":"https:\/\/www.gilplastic.com\/","logo":{"@type":"ImageObject","inLanguage":"es","@id":"https:\/\/www.gilplastic.com\/#\/schema\/logo\/image\/","url":"https:\/\/www.gilplastic.com\/wp-content\/uploads\/2021\/06\/logo-e1623762470830.png","contentUrl":"https:\/\/www.gilplastic.com\/wp-content\/uploads\/2021\/06\/logo-e1623762470830.png","width":164,"height":52,"caption":"GilPack"},"image":{"@id":"https:\/\/www.gilplastic.com\/#\/schema\/logo\/image\/"}}]}},"_links":{"self":[{"href":"https:\/\/www.gilplastic.com\/es\/wp-json\/wp\/v2\/product\/2213","targetHints":{"allow":["GET"]}}],"collection":[{"href":"https:\/\/www.gilplastic.com\/es\/wp-json\/wp\/v2\/product"}],"about":[{"href":"https:\/\/www.gilplastic.com\/es\/wp-json\/wp\/v2\/types\/product"}],"wp:attachment":[{"href":"https:\/\/www.gilplastic.com\/es\/wp-json\/wp\/v2\/media?parent=2213"}],"wp:term":[{"taxonomy":"product_brand","embeddable":true,"href":"https:\/\/www.gilplastic.com\/es\/wp-json\/wp\/v2\/product_brand?post=2213"},{"taxonomy":"product_cat","embeddable":true,"href":"https:\/\/www.gilplastic.com\/es\/wp-json\/wp\/v2\/product_cat?post=2213"},{"taxonomy":"product_tag","embeddable":true,"href":"https:\/\/www.gilplastic.com\/es\/wp-json\/wp\/v2\/product_tag?post=2213"}],"curies":[{"name":"wp","href":"https:\/\/api.w.org\/{rel}","templated":true}]}}