{"id":2191,"date":"2021-07-25T23:01:03","date_gmt":"2021-07-25T20:01:03","guid":{"rendered":"https:\/\/theguy4u.co.il\/gilpack\/product\/sin%20categor\u00eda\/33-mm-flip-top-cap\/"},"modified":"2026-02-08T15:50:58","modified_gmt":"2026-02-08T13:50:58","slug":"tapa-flip-top-de-33-mm","status":"publish","type":"product","link":"https:\/\/www.gilplastic.com\/es\/product\/tapas-es\/flip-top-tapa-33mm\/tapa-flip-top-de-33-mm\/","title":{"rendered":"Tapa Flip Top de 33 mm"},"content":{"rendered":"<h2 data-start=\"561\" data-end=\"617\"><strong data-start=\"561\" data-end=\"617\">Cierre dosificador para botellas con cuello de 33 mm<\/strong><\/h2>\n<p>&nbsp;<\/p>\n<p data-start=\"665\" data-end=\"1048\">La <strong data-start=\"668\" data-end=\"694\">tapa Flip Top de 33 mm<\/strong> es un cierre dosificador fabricado en <strong data-start=\"733\" data-end=\"755\">PP (polipropileno)<\/strong>, dise\u00f1ado para botellas con <strong data-start=\"784\" data-end=\"808\">neck finish de 33 mm<\/strong>. Proporciona una <strong data-start=\"826\" data-end=\"862\">apertura f\u00e1cil con una sola mano<\/strong>, un <strong data-start=\"867\" data-end=\"887\">flujo controlado<\/strong> y un cierre seguro, lo que la convierte en una soluci\u00f3n ideal para productos cosm\u00e9ticos, farmac\u00e9uticos, de cuidado personal y productos l\u00edquidos o semil\u00edquidos.<\/p>\n<p data-start=\"665\" data-end=\"1048\">\n<p dir=\"ltr\">Este cierre flip flop para cuello de 33 mm es usado en nuestros\u00a0<a href=\"http:\/\/www.gilpack.co.il\/es\/frascos\/frascos-pl%C3%A1sticos-de-boca-ancha\/554\">frascos HDPE de 100 ml<\/a>, o en cualquier otra botella con cuello de 33 mm, que requiera una soluci\u00f3n vertedora o dispensadora.<\/p>\n<pre id=\"tw-target-text\" class=\"tw-data-text tw-text-large XcVN5d tw-ta\" dir=\"ltr\" data-placeholder=\"Translation\"><span class=\"Y2IQFc\" lang=\"es\">\u00a0<\/span><\/pre>\n","protected":false},"excerpt":{"rendered":"<p>Cierre dosificador para botellas con cuello de 33 mm &nbsp; La tapa Flip Top de 33 mm es un cierre dosificador fabricado en PP (polipropileno), dise\u00f1ado para botellas con neck finish de 33 mm. Proporciona una apertura f\u00e1cil con una sola mano, un flujo controlado y un cierre seguro, lo que la convierte en una [&hellip;]<\/p>\n","protected":false},"featured_media":0,"template":"","meta":{"_acf_changed":false},"product_brand":[],"product_cat":[87,117],"product_tag":[],"class_list":{"0":"post-2191","1":"product","2":"type-product","3":"status-publish","5":"product_cat-tapas-es","6":"product_cat-flip-top-tapa-33mm","8":"first","9":"instock","10":"shipping-taxable","11":"product-type-simple"},"acf":[],"yoast_head":"<!-- This site is optimized with the Yoast SEO plugin v27.2 - https:\/\/yoast.com\/product\/yoast-seo-wordpress\/ -->\n<title>Tapa Flip Top de 33 mm | Cierre Dosificador GilPack<\/title>\n<meta name=\"description\" content=\"Tapa Flip Top de 33 mm para botellas con cuello 33 mm. Cierre dosificador en PP, ideal para productos cosm\u00e9ticos, farmac\u00e9uticos y de limpieza.\" \/>\n<meta name=\"robots\" content=\"index, follow, max-snippet:-1, max-image-preview:large, max-video-preview:-1\" \/>\n<link rel=\"canonical\" href=\"https:\/\/www.gilplastic.com\/es\/product\/tapas-es\/flip-top-tapa-33mm\/tapa-flip-top-de-33-mm\/\" \/>\n<meta property=\"og:locale\" content=\"es_ES\" \/>\n<meta property=\"og:type\" content=\"article\" \/>\n<meta property=\"og:title\" content=\"Tapa Flip Top de 33 mm | Cierre Dosificador GilPack\" \/>\n<meta property=\"og:description\" content=\"Tapa Flip Top de 33 mm para botellas con cuello 33 mm. Cierre dosificador en PP, ideal para productos cosm\u00e9ticos, farmac\u00e9uticos y de limpieza.\" \/>\n<meta property=\"og:url\" content=\"https:\/\/www.gilplastic.com\/es\/product\/tapas-es\/flip-top-tapa-33mm\/tapa-flip-top-de-33-mm\/\" \/>\n<meta property=\"og:site_name\" content=\"GilPack\" \/>\n<meta property=\"article:modified_time\" content=\"2026-02-08T13:50:58+00:00\" \/>\n<meta name=\"twitter:card\" content=\"summary_large_image\" \/>\n<meta name=\"twitter:label1\" content=\"Tiempo de lectura\" \/>\n\t<meta name=\"twitter:data1\" content=\"1 minuto\" \/>\n<script type=\"application\/ld+json\" class=\"yoast-schema-graph\">{\"@context\":\"https:\/\/schema.org\",\"@graph\":[{\"@type\":\"WebPage\",\"@id\":\"https:\/\/www.gilplastic.com\/es\/product\/tapas-es\/flip-top-tapa-33mm\/tapa-flip-top-de-33-mm\/\",\"url\":\"https:\/\/www.gilplastic.com\/es\/product\/tapas-es\/flip-top-tapa-33mm\/tapa-flip-top-de-33-mm\/\",\"name\":\"Tapa Flip Top de 33 mm | Cierre Dosificador GilPack\",\"isPartOf\":{\"@id\":\"https:\/\/www.gilplastic.com\/#website\"},\"datePublished\":\"2021-07-25T20:01:03+00:00\",\"dateModified\":\"2026-02-08T13:50:58+00:00\",\"description\":\"Tapa Flip Top de 33 mm para botellas con cuello 33 mm. Cierre dosificador en PP, ideal para productos cosm\u00e9ticos, farmac\u00e9uticos y de limpieza.\",\"breadcrumb\":{\"@id\":\"https:\/\/www.gilplastic.com\/es\/product\/tapas-es\/flip-top-tapa-33mm\/tapa-flip-top-de-33-mm\/#breadcrumb\"},\"inLanguage\":\"es\",\"potentialAction\":[{\"@type\":\"ReadAction\",\"target\":[\"https:\/\/www.gilplastic.com\/es\/product\/tapas-es\/flip-top-tapa-33mm\/tapa-flip-top-de-33-mm\/\"]}]},{\"@type\":\"BreadcrumbList\",\"@id\":\"https:\/\/www.gilplastic.com\/es\/product\/tapas-es\/flip-top-tapa-33mm\/tapa-flip-top-de-33-mm\/#breadcrumb\",\"itemListElement\":[{\"@type\":\"ListItem\",\"position\":1,\"name\":\"Home\",\"item\":\"https:\/\/www.gilplastic.com\/es\/\"},{\"@type\":\"ListItem\",\"position\":2,\"name\":\"Products\",\"item\":\"https:\/\/www.gilplastic.com\/shop\/\"},{\"@type\":\"ListItem\",\"position\":3,\"name\":\"Tapa Flip Top de 33 mm\"}]},{\"@type\":\"WebSite\",\"@id\":\"https:\/\/www.gilplastic.com\/#website\",\"url\":\"https:\/\/www.gilplastic.com\/\",\"name\":\"GilPack\",\"description\":\"\",\"publisher\":{\"@id\":\"https:\/\/www.gilplastic.com\/#organization\"},\"potentialAction\":[{\"@type\":\"SearchAction\",\"target\":{\"@type\":\"EntryPoint\",\"urlTemplate\":\"https:\/\/www.gilplastic.com\/?s={search_term_string}\"},\"query-input\":{\"@type\":\"PropertyValueSpecification\",\"valueRequired\":true,\"valueName\":\"search_term_string\"}}],\"inLanguage\":\"es\"},{\"@type\":\"Organization\",\"@id\":\"https:\/\/www.gilplastic.com\/#organization\",\"name\":\"GilPack\",\"url\":\"https:\/\/www.gilplastic.com\/\",\"logo\":{\"@type\":\"ImageObject\",\"inLanguage\":\"es\",\"@id\":\"https:\/\/www.gilplastic.com\/#\/schema\/logo\/image\/\",\"url\":\"https:\/\/www.gilplastic.com\/wp-content\/uploads\/2021\/06\/logo-e1623762470830.png\",\"contentUrl\":\"https:\/\/www.gilplastic.com\/wp-content\/uploads\/2021\/06\/logo-e1623762470830.png\",\"width\":164,\"height\":52,\"caption\":\"GilPack\"},\"image\":{\"@id\":\"https:\/\/www.gilplastic.com\/#\/schema\/logo\/image\/\"}}]}<\/script>\n<!-- \/ Yoast SEO plugin. -->","yoast_head_json":{"title":"Tapa Flip Top de 33 mm | Cierre Dosificador GilPack","description":"Tapa Flip Top de 33 mm para botellas con cuello 33 mm. Cierre dosificador en PP, ideal para productos cosm\u00e9ticos, farmac\u00e9uticos y de limpieza.","robots":{"index":"index","follow":"follow","max-snippet":"max-snippet:-1","max-image-preview":"max-image-preview:large","max-video-preview":"max-video-preview:-1"},"canonical":"https:\/\/www.gilplastic.com\/es\/product\/tapas-es\/flip-top-tapa-33mm\/tapa-flip-top-de-33-mm\/","og_locale":"es_ES","og_type":"article","og_title":"Tapa Flip Top de 33 mm | Cierre Dosificador GilPack","og_description":"Tapa Flip Top de 33 mm para botellas con cuello 33 mm. Cierre dosificador en PP, ideal para productos cosm\u00e9ticos, farmac\u00e9uticos y de limpieza.","og_url":"https:\/\/www.gilplastic.com\/es\/product\/tapas-es\/flip-top-tapa-33mm\/tapa-flip-top-de-33-mm\/","og_site_name":"GilPack","article_modified_time":"2026-02-08T13:50:58+00:00","twitter_card":"summary_large_image","twitter_misc":{"Tiempo de lectura":"1 minuto"},"schema":{"@context":"https:\/\/schema.org","@graph":[{"@type":"WebPage","@id":"https:\/\/www.gilplastic.com\/es\/product\/tapas-es\/flip-top-tapa-33mm\/tapa-flip-top-de-33-mm\/","url":"https:\/\/www.gilplastic.com\/es\/product\/tapas-es\/flip-top-tapa-33mm\/tapa-flip-top-de-33-mm\/","name":"Tapa Flip Top de 33 mm | Cierre Dosificador GilPack","isPartOf":{"@id":"https:\/\/www.gilplastic.com\/#website"},"datePublished":"2021-07-25T20:01:03+00:00","dateModified":"2026-02-08T13:50:58+00:00","description":"Tapa Flip Top de 33 mm para botellas con cuello 33 mm. Cierre dosificador en PP, ideal para productos cosm\u00e9ticos, farmac\u00e9uticos y de limpieza.","breadcrumb":{"@id":"https:\/\/www.gilplastic.com\/es\/product\/tapas-es\/flip-top-tapa-33mm\/tapa-flip-top-de-33-mm\/#breadcrumb"},"inLanguage":"es","potentialAction":[{"@type":"ReadAction","target":["https:\/\/www.gilplastic.com\/es\/product\/tapas-es\/flip-top-tapa-33mm\/tapa-flip-top-de-33-mm\/"]}]},{"@type":"BreadcrumbList","@id":"https:\/\/www.gilplastic.com\/es\/product\/tapas-es\/flip-top-tapa-33mm\/tapa-flip-top-de-33-mm\/#breadcrumb","itemListElement":[{"@type":"ListItem","position":1,"name":"Home","item":"https:\/\/www.gilplastic.com\/es\/"},{"@type":"ListItem","position":2,"name":"Products","item":"https:\/\/www.gilplastic.com\/shop\/"},{"@type":"ListItem","position":3,"name":"Tapa Flip Top de 33 mm"}]},{"@type":"WebSite","@id":"https:\/\/www.gilplastic.com\/#website","url":"https:\/\/www.gilplastic.com\/","name":"GilPack","description":"","publisher":{"@id":"https:\/\/www.gilplastic.com\/#organization"},"potentialAction":[{"@type":"SearchAction","target":{"@type":"EntryPoint","urlTemplate":"https:\/\/www.gilplastic.com\/?s={search_term_string}"},"query-input":{"@type":"PropertyValueSpecification","valueRequired":true,"valueName":"search_term_string"}}],"inLanguage":"es"},{"@type":"Organization","@id":"https:\/\/www.gilplastic.com\/#organization","name":"GilPack","url":"https:\/\/www.gilplastic.com\/","logo":{"@type":"ImageObject","inLanguage":"es","@id":"https:\/\/www.gilplastic.com\/#\/schema\/logo\/image\/","url":"https:\/\/www.gilplastic.com\/wp-content\/uploads\/2021\/06\/logo-e1623762470830.png","contentUrl":"https:\/\/www.gilplastic.com\/wp-content\/uploads\/2021\/06\/logo-e1623762470830.png","width":164,"height":52,"caption":"GilPack"},"image":{"@id":"https:\/\/www.gilplastic.com\/#\/schema\/logo\/image\/"}}]}},"_links":{"self":[{"href":"https:\/\/www.gilplastic.com\/es\/wp-json\/wp\/v2\/product\/2191","targetHints":{"allow":["GET"]}}],"collection":[{"href":"https:\/\/www.gilplastic.com\/es\/wp-json\/wp\/v2\/product"}],"about":[{"href":"https:\/\/www.gilplastic.com\/es\/wp-json\/wp\/v2\/types\/product"}],"wp:attachment":[{"href":"https:\/\/www.gilplastic.com\/es\/wp-json\/wp\/v2\/media?parent=2191"}],"wp:term":[{"taxonomy":"product_brand","embeddable":true,"href":"https:\/\/www.gilplastic.com\/es\/wp-json\/wp\/v2\/product_brand?post=2191"},{"taxonomy":"product_cat","embeddable":true,"href":"https:\/\/www.gilplastic.com\/es\/wp-json\/wp\/v2\/product_cat?post=2191"},{"taxonomy":"product_tag","embeddable":true,"href":"https:\/\/www.gilplastic.com\/es\/wp-json\/wp\/v2\/product_tag?post=2191"}],"curies":[{"name":"wp","href":"https:\/\/api.w.org\/{rel}","templated":true}]}}