{"id":2189,"date":"2021-07-25T19:58:22","date_gmt":"2021-07-25T16:58:22","guid":{"rendered":"https:\/\/theguy4u.co.il\/gilpack\/product\/sin%20categor\u00eda\/tapa-a-prueba-de-ninos-cierre-cr-33-mm\/"},"modified":"2023-11-14T17:01:55","modified_gmt":"2023-11-14T15:01:55","slug":"tapa-a-prueba-de-ninos-cierre-cr-33-mm","status":"publish","type":"product","link":"https:\/\/www.gilplastic.com\/es\/product\/tapas-es\/tapa-con-proteccion-infantil-para-frascos-y-botellas-de-plastico\/tapa-a-prueba-de-ninos-cierre-cr-33-mm\/","title":{"rendered":"Tapa a prueba de ni\u00f1os (cierre CR) 33 mm"},"content":{"rendered":"<p dir=\"ltr\">La tapa CRC de 33 mm est\u00e1 adaptada a nuestros\u00a0<a href=\"https:\/\/www.gilpack.es\/es\/frascos\/frascos-pl%C3%A1sticos-de-boca-ancha\">frascos HDPE de boca ancha<\/a>\u00a0de tama\u00f1o: 30 ml, 35 ml y 60 ml, y a nuestros\u00a0<a href=\"https:\/\/www.gilpack.es\/es\/frascos\/frascos-pet-pastilleros\">Frascos PET pastilleros<\/a>.<\/p>\n","protected":false},"excerpt":{"rendered":"<p>La tapa CRC de 33 mm est\u00e1 adaptada a nuestros\u00a0frascos HDPE de boca ancha\u00a0de tama\u00f1o: 30 ml, 35 ml y 60 ml, y a nuestros\u00a0Frascos PET pastilleros.<\/p>\n","protected":false},"featured_media":0,"template":"","meta":{"_acf_changed":false},"product_brand":[],"product_cat":[87,116],"product_tag":[],"class_list":{"0":"post-2189","1":"product","2":"type-product","3":"status-publish","5":"product_cat-tapas-es","6":"product_cat-tapa-con-proteccion-infantil-para-frascos-y-botellas-de-plastico","8":"first","9":"instock","10":"shipping-taxable","11":"product-type-simple"},"acf":[],"yoast_head":"<!-- This site is optimized with the Yoast SEO plugin v27.2 - https:\/\/yoast.com\/product\/yoast-seo-wordpress\/ -->\n<title>&quot;Gilpack | Tapa a prueba de ni\u00f1os (cierre CR) 33 mm&quot;<\/title>\n<meta name=\"description\" content=\"Nuestras tapas a prueba de ni\u00f1os (cierre CR) 33 mm est\u00e1n dise\u00f1adas para ofrecer una protecci\u00f3n superior contra la apertura accidental por parte de los ni\u00f1os.\" \/>\n<meta name=\"robots\" content=\"index, follow, max-snippet:-1, max-image-preview:large, max-video-preview:-1\" \/>\n<link rel=\"canonical\" href=\"https:\/\/www.gilplastic.com\/es\/product\/tapas-es\/tapa-con-proteccion-infantil-para-frascos-y-botellas-de-plastico\/tapa-a-prueba-de-ninos-cierre-cr-33-mm\/\" \/>\n<meta property=\"og:locale\" content=\"es_ES\" \/>\n<meta property=\"og:type\" content=\"article\" \/>\n<meta property=\"og:title\" content=\"&quot;Gilpack | Tapa a prueba de ni\u00f1os (cierre CR) 33 mm&quot;\" \/>\n<meta property=\"og:description\" content=\"Nuestras tapas a prueba de ni\u00f1os (cierre CR) 33 mm est\u00e1n dise\u00f1adas para ofrecer una protecci\u00f3n superior contra la apertura accidental por parte de los ni\u00f1os.\" \/>\n<meta property=\"og:url\" content=\"https:\/\/www.gilplastic.com\/es\/product\/tapas-es\/tapa-con-proteccion-infantil-para-frascos-y-botellas-de-plastico\/tapa-a-prueba-de-ninos-cierre-cr-33-mm\/\" \/>\n<meta property=\"og:site_name\" content=\"GilPack\" \/>\n<meta property=\"article:modified_time\" content=\"2023-11-14T15:01:55+00:00\" \/>\n<meta name=\"twitter:card\" content=\"summary_large_image\" \/>\n<meta name=\"twitter:label1\" content=\"Tiempo de lectura\" \/>\n\t<meta name=\"twitter:data1\" content=\"1 minuto\" \/>\n<script type=\"application\/ld+json\" class=\"yoast-schema-graph\">{\"@context\":\"https:\/\/schema.org\",\"@graph\":[{\"@type\":\"WebPage\",\"@id\":\"https:\/\/www.gilplastic.com\/es\/product\/tapas-es\/tapa-con-proteccion-infantil-para-frascos-y-botellas-de-plastico\/tapa-a-prueba-de-ninos-cierre-cr-33-mm\/\",\"url\":\"https:\/\/www.gilplastic.com\/es\/product\/tapas-es\/tapa-con-proteccion-infantil-para-frascos-y-botellas-de-plastico\/tapa-a-prueba-de-ninos-cierre-cr-33-mm\/\",\"name\":\"\\\"Gilpack | Tapa a prueba de ni\u00f1os (cierre CR) 33 mm\\\"\",\"isPartOf\":{\"@id\":\"https:\/\/www.gilplastic.com\/#website\"},\"datePublished\":\"2021-07-25T16:58:22+00:00\",\"dateModified\":\"2023-11-14T15:01:55+00:00\",\"description\":\"Nuestras tapas a prueba de ni\u00f1os (cierre CR) 33 mm est\u00e1n dise\u00f1adas para ofrecer una protecci\u00f3n superior contra la apertura accidental por parte de los ni\u00f1os.\",\"breadcrumb\":{\"@id\":\"https:\/\/www.gilplastic.com\/es\/product\/tapas-es\/tapa-con-proteccion-infantil-para-frascos-y-botellas-de-plastico\/tapa-a-prueba-de-ninos-cierre-cr-33-mm\/#breadcrumb\"},\"inLanguage\":\"es\",\"potentialAction\":[{\"@type\":\"ReadAction\",\"target\":[\"https:\/\/www.gilplastic.com\/es\/product\/tapas-es\/tapa-con-proteccion-infantil-para-frascos-y-botellas-de-plastico\/tapa-a-prueba-de-ninos-cierre-cr-33-mm\/\"]}]},{\"@type\":\"BreadcrumbList\",\"@id\":\"https:\/\/www.gilplastic.com\/es\/product\/tapas-es\/tapa-con-proteccion-infantil-para-frascos-y-botellas-de-plastico\/tapa-a-prueba-de-ninos-cierre-cr-33-mm\/#breadcrumb\",\"itemListElement\":[{\"@type\":\"ListItem\",\"position\":1,\"name\":\"Home\",\"item\":\"https:\/\/www.gilplastic.com\/es\/\"},{\"@type\":\"ListItem\",\"position\":2,\"name\":\"Products\",\"item\":\"https:\/\/www.gilplastic.com\/shop\/\"},{\"@type\":\"ListItem\",\"position\":3,\"name\":\"Tapa a prueba de ni\u00f1os (cierre CR) 33 mm\"}]},{\"@type\":\"WebSite\",\"@id\":\"https:\/\/www.gilplastic.com\/#website\",\"url\":\"https:\/\/www.gilplastic.com\/\",\"name\":\"GilPack\",\"description\":\"\",\"publisher\":{\"@id\":\"https:\/\/www.gilplastic.com\/#organization\"},\"potentialAction\":[{\"@type\":\"SearchAction\",\"target\":{\"@type\":\"EntryPoint\",\"urlTemplate\":\"https:\/\/www.gilplastic.com\/?s={search_term_string}\"},\"query-input\":{\"@type\":\"PropertyValueSpecification\",\"valueRequired\":true,\"valueName\":\"search_term_string\"}}],\"inLanguage\":\"es\"},{\"@type\":\"Organization\",\"@id\":\"https:\/\/www.gilplastic.com\/#organization\",\"name\":\"GilPack\",\"url\":\"https:\/\/www.gilplastic.com\/\",\"logo\":{\"@type\":\"ImageObject\",\"inLanguage\":\"es\",\"@id\":\"https:\/\/www.gilplastic.com\/#\/schema\/logo\/image\/\",\"url\":\"https:\/\/www.gilplastic.com\/wp-content\/uploads\/2021\/06\/logo-e1623762470830.png\",\"contentUrl\":\"https:\/\/www.gilplastic.com\/wp-content\/uploads\/2021\/06\/logo-e1623762470830.png\",\"width\":164,\"height\":52,\"caption\":\"GilPack\"},\"image\":{\"@id\":\"https:\/\/www.gilplastic.com\/#\/schema\/logo\/image\/\"}}]}<\/script>\n<!-- \/ Yoast SEO plugin. -->","yoast_head_json":{"title":"\"Gilpack | Tapa a prueba de ni\u00f1os (cierre CR) 33 mm\"","description":"Nuestras tapas a prueba de ni\u00f1os (cierre CR) 33 mm est\u00e1n dise\u00f1adas para ofrecer una protecci\u00f3n superior contra la apertura accidental por parte de los ni\u00f1os.","robots":{"index":"index","follow":"follow","max-snippet":"max-snippet:-1","max-image-preview":"max-image-preview:large","max-video-preview":"max-video-preview:-1"},"canonical":"https:\/\/www.gilplastic.com\/es\/product\/tapas-es\/tapa-con-proteccion-infantil-para-frascos-y-botellas-de-plastico\/tapa-a-prueba-de-ninos-cierre-cr-33-mm\/","og_locale":"es_ES","og_type":"article","og_title":"\"Gilpack | Tapa a prueba de ni\u00f1os (cierre CR) 33 mm\"","og_description":"Nuestras tapas a prueba de ni\u00f1os (cierre CR) 33 mm est\u00e1n dise\u00f1adas para ofrecer una protecci\u00f3n superior contra la apertura accidental por parte de los ni\u00f1os.","og_url":"https:\/\/www.gilplastic.com\/es\/product\/tapas-es\/tapa-con-proteccion-infantil-para-frascos-y-botellas-de-plastico\/tapa-a-prueba-de-ninos-cierre-cr-33-mm\/","og_site_name":"GilPack","article_modified_time":"2023-11-14T15:01:55+00:00","twitter_card":"summary_large_image","twitter_misc":{"Tiempo de lectura":"1 minuto"},"schema":{"@context":"https:\/\/schema.org","@graph":[{"@type":"WebPage","@id":"https:\/\/www.gilplastic.com\/es\/product\/tapas-es\/tapa-con-proteccion-infantil-para-frascos-y-botellas-de-plastico\/tapa-a-prueba-de-ninos-cierre-cr-33-mm\/","url":"https:\/\/www.gilplastic.com\/es\/product\/tapas-es\/tapa-con-proteccion-infantil-para-frascos-y-botellas-de-plastico\/tapa-a-prueba-de-ninos-cierre-cr-33-mm\/","name":"\"Gilpack | Tapa a prueba de ni\u00f1os (cierre CR) 33 mm\"","isPartOf":{"@id":"https:\/\/www.gilplastic.com\/#website"},"datePublished":"2021-07-25T16:58:22+00:00","dateModified":"2023-11-14T15:01:55+00:00","description":"Nuestras tapas a prueba de ni\u00f1os (cierre CR) 33 mm est\u00e1n dise\u00f1adas para ofrecer una protecci\u00f3n superior contra la apertura accidental por parte de los ni\u00f1os.","breadcrumb":{"@id":"https:\/\/www.gilplastic.com\/es\/product\/tapas-es\/tapa-con-proteccion-infantil-para-frascos-y-botellas-de-plastico\/tapa-a-prueba-de-ninos-cierre-cr-33-mm\/#breadcrumb"},"inLanguage":"es","potentialAction":[{"@type":"ReadAction","target":["https:\/\/www.gilplastic.com\/es\/product\/tapas-es\/tapa-con-proteccion-infantil-para-frascos-y-botellas-de-plastico\/tapa-a-prueba-de-ninos-cierre-cr-33-mm\/"]}]},{"@type":"BreadcrumbList","@id":"https:\/\/www.gilplastic.com\/es\/product\/tapas-es\/tapa-con-proteccion-infantil-para-frascos-y-botellas-de-plastico\/tapa-a-prueba-de-ninos-cierre-cr-33-mm\/#breadcrumb","itemListElement":[{"@type":"ListItem","position":1,"name":"Home","item":"https:\/\/www.gilplastic.com\/es\/"},{"@type":"ListItem","position":2,"name":"Products","item":"https:\/\/www.gilplastic.com\/shop\/"},{"@type":"ListItem","position":3,"name":"Tapa a prueba de ni\u00f1os (cierre CR) 33 mm"}]},{"@type":"WebSite","@id":"https:\/\/www.gilplastic.com\/#website","url":"https:\/\/www.gilplastic.com\/","name":"GilPack","description":"","publisher":{"@id":"https:\/\/www.gilplastic.com\/#organization"},"potentialAction":[{"@type":"SearchAction","target":{"@type":"EntryPoint","urlTemplate":"https:\/\/www.gilplastic.com\/?s={search_term_string}"},"query-input":{"@type":"PropertyValueSpecification","valueRequired":true,"valueName":"search_term_string"}}],"inLanguage":"es"},{"@type":"Organization","@id":"https:\/\/www.gilplastic.com\/#organization","name":"GilPack","url":"https:\/\/www.gilplastic.com\/","logo":{"@type":"ImageObject","inLanguage":"es","@id":"https:\/\/www.gilplastic.com\/#\/schema\/logo\/image\/","url":"https:\/\/www.gilplastic.com\/wp-content\/uploads\/2021\/06\/logo-e1623762470830.png","contentUrl":"https:\/\/www.gilplastic.com\/wp-content\/uploads\/2021\/06\/logo-e1623762470830.png","width":164,"height":52,"caption":"GilPack"},"image":{"@id":"https:\/\/www.gilplastic.com\/#\/schema\/logo\/image\/"}}]}},"_links":{"self":[{"href":"https:\/\/www.gilplastic.com\/es\/wp-json\/wp\/v2\/product\/2189","targetHints":{"allow":["GET"]}}],"collection":[{"href":"https:\/\/www.gilplastic.com\/es\/wp-json\/wp\/v2\/product"}],"about":[{"href":"https:\/\/www.gilplastic.com\/es\/wp-json\/wp\/v2\/types\/product"}],"wp:attachment":[{"href":"https:\/\/www.gilplastic.com\/es\/wp-json\/wp\/v2\/media?parent=2189"}],"wp:term":[{"taxonomy":"product_brand","embeddable":true,"href":"https:\/\/www.gilplastic.com\/es\/wp-json\/wp\/v2\/product_brand?post=2189"},{"taxonomy":"product_cat","embeddable":true,"href":"https:\/\/www.gilplastic.com\/es\/wp-json\/wp\/v2\/product_cat?post=2189"},{"taxonomy":"product_tag","embeddable":true,"href":"https:\/\/www.gilplastic.com\/es\/wp-json\/wp\/v2\/product_tag?post=2189"}],"curies":[{"name":"wp","href":"https:\/\/api.w.org\/{rel}","templated":true}]}}