{"id":4000,"date":"2025-05-14T10:49:06","date_gmt":"2025-05-14T07:49:06","guid":{"rendered":"https:\/\/www.gilplastic.com\/preformas-de-pet-de-boca-ancha-versatiles-duraderas-y-de-grado-alimenticio-2\/"},"modified":"2025-05-14T11:34:23","modified_gmt":"2025-05-14T08:34:23","slug":"preformas-de-pet-de-boca-ancha-versatiles-duraderas-y-de-grado-alimenticio-2","status":"publish","type":"page","link":"https:\/\/www.gilplastic.com\/es\/preformas-de-pet\/preformas-de-pet-de-boca-ancha-versatiles-duraderas-y-de-grado-alimenticio-2\/","title":{"rendered":"Preformas de PET de Boca Ancha \u2013 Vers\u00e1tiles, Duraderas y de Grado Alimenticio"},"content":{"rendered":"","protected":false},"excerpt":{"rendered":"","protected":false},"author":1,"featured_media":3944,"parent":4002,"menu_order":24,"comment_status":"closed","ping_status":"closed","template":"templates\/blood_collection.php","meta":{"_acf_changed":false,"footnotes":""},"class_list":["post-4000","page","type-page","status-publish","has-post-thumbnail","hentry"],"acf":[],"yoast_head":"<!-- This site is optimized with the Yoast SEO plugin v27.2 - https:\/\/yoast.com\/product\/yoast-seo-wordpress\/ -->\n<title>Preformas PET de Boca Ancha | Grado Alimenticio, Vers\u00e1tiles y Resistentes<\/title>\n<meta name=\"description\" content=\"Preformas PET de boca ancha ideales para alimentos y productos dom\u00e9sticos. Seguras, duraderas y f\u00e1ciles de llenar y cerrar.\" \/>\n<meta name=\"robots\" content=\"index, follow, max-snippet:-1, max-image-preview:large, max-video-preview:-1\" \/>\n<link rel=\"canonical\" href=\"https:\/\/www.gilplastic.com\/es\/preformas-de-pet\/preformas-de-pet-de-boca-ancha-versatiles-duraderas-y-de-grado-alimenticio-2\/\" \/>\n<meta property=\"og:locale\" content=\"es_ES\" \/>\n<meta property=\"og:type\" content=\"article\" \/>\n<meta property=\"og:title\" content=\"Preformas PET de Boca Ancha | Grado Alimenticio, Vers\u00e1tiles y Resistentes\" \/>\n<meta property=\"og:description\" content=\"Preformas PET de boca ancha ideales para alimentos y productos dom\u00e9sticos. Seguras, duraderas y f\u00e1ciles de llenar y cerrar.\" \/>\n<meta property=\"og:url\" content=\"https:\/\/www.gilplastic.com\/es\/preformas-de-pet\/preformas-de-pet-de-boca-ancha-versatiles-duraderas-y-de-grado-alimenticio-2\/\" \/>\n<meta property=\"og:site_name\" content=\"GilPack\" \/>\n<meta property=\"article:modified_time\" content=\"2025-05-14T08:34:23+00:00\" \/>\n<meta property=\"og:image\" content=\"https:\/\/www.gilplastic.com\/wp-content\/uploads\/PET-Preforms-for-Wide-Mouth-Jars.jpg\" \/>\n\t<meta property=\"og:image:width\" content=\"500\" \/>\n\t<meta property=\"og:image:height\" content=\"706\" \/>\n\t<meta property=\"og:image:type\" content=\"image\/jpeg\" \/>\n<meta name=\"twitter:card\" content=\"summary_large_image\" \/>\n<meta name=\"twitter:label1\" content=\"Tiempo de lectura\" \/>\n\t<meta name=\"twitter:data1\" content=\"1 minuto\" \/>\n<script type=\"application\/ld+json\" class=\"yoast-schema-graph\">{\"@context\":\"https:\/\/schema.org\",\"@graph\":[{\"@type\":\"WebPage\",\"@id\":\"https:\/\/www.gilplastic.com\/es\/preformas-de-pet\/preformas-de-pet-de-boca-ancha-versatiles-duraderas-y-de-grado-alimenticio-2\/\",\"url\":\"https:\/\/www.gilplastic.com\/es\/preformas-de-pet\/preformas-de-pet-de-boca-ancha-versatiles-duraderas-y-de-grado-alimenticio-2\/\",\"name\":\"Preformas PET de Boca Ancha | Grado Alimenticio, Vers\u00e1tiles y Resistentes\",\"isPartOf\":{\"@id\":\"https:\/\/www.gilplastic.com\/#website\"},\"primaryImageOfPage\":{\"@id\":\"https:\/\/www.gilplastic.com\/es\/preformas-de-pet\/preformas-de-pet-de-boca-ancha-versatiles-duraderas-y-de-grado-alimenticio-2\/#primaryimage\"},\"image\":{\"@id\":\"https:\/\/www.gilplastic.com\/es\/preformas-de-pet\/preformas-de-pet-de-boca-ancha-versatiles-duraderas-y-de-grado-alimenticio-2\/#primaryimage\"},\"thumbnailUrl\":\"https:\/\/www.gilplastic.com\/wp-content\/uploads\/PET-Preforms-for-Wide-Mouth-Jars.jpg\",\"datePublished\":\"2025-05-14T07:49:06+00:00\",\"dateModified\":\"2025-05-14T08:34:23+00:00\",\"description\":\"Preformas PET de boca ancha ideales para alimentos y productos dom\u00e9sticos. Seguras, duraderas y f\u00e1ciles de llenar y cerrar.\",\"breadcrumb\":{\"@id\":\"https:\/\/www.gilplastic.com\/es\/preformas-de-pet\/preformas-de-pet-de-boca-ancha-versatiles-duraderas-y-de-grado-alimenticio-2\/#breadcrumb\"},\"inLanguage\":\"es\",\"potentialAction\":[{\"@type\":\"ReadAction\",\"target\":[\"https:\/\/www.gilplastic.com\/es\/preformas-de-pet\/preformas-de-pet-de-boca-ancha-versatiles-duraderas-y-de-grado-alimenticio-2\/\"]}]},{\"@type\":\"ImageObject\",\"inLanguage\":\"es\",\"@id\":\"https:\/\/www.gilplastic.com\/es\/preformas-de-pet\/preformas-de-pet-de-boca-ancha-versatiles-duraderas-y-de-grado-alimenticio-2\/#primaryimage\",\"url\":\"https:\/\/www.gilplastic.com\/wp-content\/uploads\/PET-Preforms-for-Wide-Mouth-Jars.jpg\",\"contentUrl\":\"https:\/\/www.gilplastic.com\/wp-content\/uploads\/PET-Preforms-for-Wide-Mouth-Jars.jpg\",\"width\":500,\"height\":706},{\"@type\":\"BreadcrumbList\",\"@id\":\"https:\/\/www.gilplastic.com\/es\/preformas-de-pet\/preformas-de-pet-de-boca-ancha-versatiles-duraderas-y-de-grado-alimenticio-2\/#breadcrumb\",\"itemListElement\":[{\"@type\":\"ListItem\",\"position\":1,\"name\":\"Home\",\"item\":\"https:\/\/www.gilplastic.com\/es\/\"},{\"@type\":\"ListItem\",\"position\":2,\"name\":\"Preformas de PET\",\"item\":\"https:\/\/www.gilplastic.com\/preformas-de-pet\/\"},{\"@type\":\"ListItem\",\"position\":3,\"name\":\"Preformas de PET de Boca Ancha \u2013 Vers\u00e1tiles, Duraderas y de Grado Alimenticio\"}]},{\"@type\":\"WebSite\",\"@id\":\"https:\/\/www.gilplastic.com\/#website\",\"url\":\"https:\/\/www.gilplastic.com\/\",\"name\":\"GilPack\",\"description\":\"\",\"publisher\":{\"@id\":\"https:\/\/www.gilplastic.com\/#organization\"},\"potentialAction\":[{\"@type\":\"SearchAction\",\"target\":{\"@type\":\"EntryPoint\",\"urlTemplate\":\"https:\/\/www.gilplastic.com\/?s={search_term_string}\"},\"query-input\":{\"@type\":\"PropertyValueSpecification\",\"valueRequired\":true,\"valueName\":\"search_term_string\"}}],\"inLanguage\":\"es\"},{\"@type\":\"Organization\",\"@id\":\"https:\/\/www.gilplastic.com\/#organization\",\"name\":\"GilPack\",\"url\":\"https:\/\/www.gilplastic.com\/\",\"logo\":{\"@type\":\"ImageObject\",\"inLanguage\":\"es\",\"@id\":\"https:\/\/www.gilplastic.com\/#\/schema\/logo\/image\/\",\"url\":\"https:\/\/www.gilplastic.com\/wp-content\/uploads\/2021\/06\/logo-e1623762470830.png\",\"contentUrl\":\"https:\/\/www.gilplastic.com\/wp-content\/uploads\/2021\/06\/logo-e1623762470830.png\",\"width\":164,\"height\":52,\"caption\":\"GilPack\"},\"image\":{\"@id\":\"https:\/\/www.gilplastic.com\/#\/schema\/logo\/image\/\"}}]}<\/script>\n<!-- \/ Yoast SEO plugin. -->","yoast_head_json":{"title":"Preformas PET de Boca Ancha | Grado Alimenticio, Vers\u00e1tiles y Resistentes","description":"Preformas PET de boca ancha ideales para alimentos y productos dom\u00e9sticos. Seguras, duraderas y f\u00e1ciles de llenar y cerrar.","robots":{"index":"index","follow":"follow","max-snippet":"max-snippet:-1","max-image-preview":"max-image-preview:large","max-video-preview":"max-video-preview:-1"},"canonical":"https:\/\/www.gilplastic.com\/es\/preformas-de-pet\/preformas-de-pet-de-boca-ancha-versatiles-duraderas-y-de-grado-alimenticio-2\/","og_locale":"es_ES","og_type":"article","og_title":"Preformas PET de Boca Ancha | Grado Alimenticio, Vers\u00e1tiles y Resistentes","og_description":"Preformas PET de boca ancha ideales para alimentos y productos dom\u00e9sticos. Seguras, duraderas y f\u00e1ciles de llenar y cerrar.","og_url":"https:\/\/www.gilplastic.com\/es\/preformas-de-pet\/preformas-de-pet-de-boca-ancha-versatiles-duraderas-y-de-grado-alimenticio-2\/","og_site_name":"GilPack","article_modified_time":"2025-05-14T08:34:23+00:00","og_image":[{"width":500,"height":706,"url":"https:\/\/www.gilplastic.com\/wp-content\/uploads\/PET-Preforms-for-Wide-Mouth-Jars.jpg","type":"image\/jpeg"}],"twitter_card":"summary_large_image","twitter_misc":{"Tiempo de lectura":"1 minuto"},"schema":{"@context":"https:\/\/schema.org","@graph":[{"@type":"WebPage","@id":"https:\/\/www.gilplastic.com\/es\/preformas-de-pet\/preformas-de-pet-de-boca-ancha-versatiles-duraderas-y-de-grado-alimenticio-2\/","url":"https:\/\/www.gilplastic.com\/es\/preformas-de-pet\/preformas-de-pet-de-boca-ancha-versatiles-duraderas-y-de-grado-alimenticio-2\/","name":"Preformas PET de Boca Ancha | Grado Alimenticio, Vers\u00e1tiles y Resistentes","isPartOf":{"@id":"https:\/\/www.gilplastic.com\/#website"},"primaryImageOfPage":{"@id":"https:\/\/www.gilplastic.com\/es\/preformas-de-pet\/preformas-de-pet-de-boca-ancha-versatiles-duraderas-y-de-grado-alimenticio-2\/#primaryimage"},"image":{"@id":"https:\/\/www.gilplastic.com\/es\/preformas-de-pet\/preformas-de-pet-de-boca-ancha-versatiles-duraderas-y-de-grado-alimenticio-2\/#primaryimage"},"thumbnailUrl":"https:\/\/www.gilplastic.com\/wp-content\/uploads\/PET-Preforms-for-Wide-Mouth-Jars.jpg","datePublished":"2025-05-14T07:49:06+00:00","dateModified":"2025-05-14T08:34:23+00:00","description":"Preformas PET de boca ancha ideales para alimentos y productos dom\u00e9sticos. Seguras, duraderas y f\u00e1ciles de llenar y cerrar.","breadcrumb":{"@id":"https:\/\/www.gilplastic.com\/es\/preformas-de-pet\/preformas-de-pet-de-boca-ancha-versatiles-duraderas-y-de-grado-alimenticio-2\/#breadcrumb"},"inLanguage":"es","potentialAction":[{"@type":"ReadAction","target":["https:\/\/www.gilplastic.com\/es\/preformas-de-pet\/preformas-de-pet-de-boca-ancha-versatiles-duraderas-y-de-grado-alimenticio-2\/"]}]},{"@type":"ImageObject","inLanguage":"es","@id":"https:\/\/www.gilplastic.com\/es\/preformas-de-pet\/preformas-de-pet-de-boca-ancha-versatiles-duraderas-y-de-grado-alimenticio-2\/#primaryimage","url":"https:\/\/www.gilplastic.com\/wp-content\/uploads\/PET-Preforms-for-Wide-Mouth-Jars.jpg","contentUrl":"https:\/\/www.gilplastic.com\/wp-content\/uploads\/PET-Preforms-for-Wide-Mouth-Jars.jpg","width":500,"height":706},{"@type":"BreadcrumbList","@id":"https:\/\/www.gilplastic.com\/es\/preformas-de-pet\/preformas-de-pet-de-boca-ancha-versatiles-duraderas-y-de-grado-alimenticio-2\/#breadcrumb","itemListElement":[{"@type":"ListItem","position":1,"name":"Home","item":"https:\/\/www.gilplastic.com\/es\/"},{"@type":"ListItem","position":2,"name":"Preformas de PET","item":"https:\/\/www.gilplastic.com\/preformas-de-pet\/"},{"@type":"ListItem","position":3,"name":"Preformas de PET de Boca Ancha \u2013 Vers\u00e1tiles, Duraderas y de Grado Alimenticio"}]},{"@type":"WebSite","@id":"https:\/\/www.gilplastic.com\/#website","url":"https:\/\/www.gilplastic.com\/","name":"GilPack","description":"","publisher":{"@id":"https:\/\/www.gilplastic.com\/#organization"},"potentialAction":[{"@type":"SearchAction","target":{"@type":"EntryPoint","urlTemplate":"https:\/\/www.gilplastic.com\/?s={search_term_string}"},"query-input":{"@type":"PropertyValueSpecification","valueRequired":true,"valueName":"search_term_string"}}],"inLanguage":"es"},{"@type":"Organization","@id":"https:\/\/www.gilplastic.com\/#organization","name":"GilPack","url":"https:\/\/www.gilplastic.com\/","logo":{"@type":"ImageObject","inLanguage":"es","@id":"https:\/\/www.gilplastic.com\/#\/schema\/logo\/image\/","url":"https:\/\/www.gilplastic.com\/wp-content\/uploads\/2021\/06\/logo-e1623762470830.png","contentUrl":"https:\/\/www.gilplastic.com\/wp-content\/uploads\/2021\/06\/logo-e1623762470830.png","width":164,"height":52,"caption":"GilPack"},"image":{"@id":"https:\/\/www.gilplastic.com\/#\/schema\/logo\/image\/"}}]}},"_links":{"self":[{"href":"https:\/\/www.gilplastic.com\/es\/wp-json\/wp\/v2\/pages\/4000","targetHints":{"allow":["GET"]}}],"collection":[{"href":"https:\/\/www.gilplastic.com\/es\/wp-json\/wp\/v2\/pages"}],"about":[{"href":"https:\/\/www.gilplastic.com\/es\/wp-json\/wp\/v2\/types\/page"}],"author":[{"embeddable":true,"href":"https:\/\/www.gilplastic.com\/es\/wp-json\/wp\/v2\/users\/1"}],"replies":[{"embeddable":true,"href":"https:\/\/www.gilplastic.com\/es\/wp-json\/wp\/v2\/comments?post=4000"}],"version-history":[{"count":1,"href":"https:\/\/www.gilplastic.com\/es\/wp-json\/wp\/v2\/pages\/4000\/revisions"}],"predecessor-version":[{"id":4009,"href":"https:\/\/www.gilplastic.com\/es\/wp-json\/wp\/v2\/pages\/4000\/revisions\/4009"}],"up":[{"embeddable":true,"href":"https:\/\/www.gilplastic.com\/es\/wp-json\/wp\/v2\/pages\/4002"}],"wp:featuredmedia":[{"embeddable":true,"href":"https:\/\/www.gilplastic.com\/es\/wp-json\/wp\/v2\/media\/3944"}],"wp:attachment":[{"href":"https:\/\/www.gilplastic.com\/es\/wp-json\/wp\/v2\/media?parent=4000"}],"curies":[{"name":"wp","href":"https:\/\/api.w.org\/{rel}","templated":true}]}}