{"id":2350,"date":"2021-09-13T09:08:09","date_gmt":"2021-09-13T06:08:09","guid":{"rendered":"https:\/\/theguy4u.co.il\/gilpack\/?page_id=2350"},"modified":"2023-03-09T19:22:30","modified_gmt":"2023-03-09T17:22:30","slug":"novedades","status":"publish","type":"page","link":"https:\/\/www.gilplastic.com\/es\/empresa\/novedades\/","title":{"rendered":"Novedades"},"content":{"rendered":"","protected":false},"excerpt":{"rendered":"","protected":false},"author":1,"featured_media":0,"parent":1329,"menu_order":48,"comment_status":"closed","ping_status":"closed","template":"templates\/updates_and_new_products.php","meta":{"_acf_changed":false,"footnotes":""},"class_list":["post-2350","page","type-page","status-publish","hentry"],"acf":[],"yoast_head":"<!-- This site is optimized with the Yoast SEO plugin v27.2 - https:\/\/yoast.com\/product\/yoast-seo-wordpress\/ -->\n<title>Noticias y actualizaciones de Gilpack<\/title>\n<meta name=\"description\" content=\"Mantente al d\u00eda con las \u00faltimas noticias y actualizaciones de Gilpack. Mantente informado sobre nuevos productos, servicios, eventos, ofertas y m\u00e1s a trav\u00e9s de nuestra p\u00e1gina de noticias.\" \/>\n<meta name=\"robots\" content=\"index, follow, max-snippet:-1, max-image-preview:large, max-video-preview:-1\" \/>\n<link rel=\"canonical\" href=\"https:\/\/www.gilplastic.com\/es\/empresa\/novedades\/\" \/>\n<meta property=\"og:locale\" content=\"es_ES\" \/>\n<meta property=\"og:type\" content=\"article\" \/>\n<meta property=\"og:title\" content=\"Noticias y actualizaciones de Gilpack\" \/>\n<meta property=\"og:description\" content=\"Mantente al d\u00eda con las \u00faltimas noticias y actualizaciones de Gilpack. Mantente informado sobre nuevos productos, servicios, eventos, ofertas y m\u00e1s a trav\u00e9s de nuestra p\u00e1gina de noticias.\" \/>\n<meta property=\"og:url\" content=\"https:\/\/www.gilplastic.com\/es\/empresa\/novedades\/\" \/>\n<meta property=\"og:site_name\" content=\"GilPack\" \/>\n<meta property=\"article:modified_time\" content=\"2023-03-09T17:22:30+00:00\" \/>\n<meta name=\"twitter:card\" content=\"summary_large_image\" \/>\n<script type=\"application\/ld+json\" class=\"yoast-schema-graph\">{\"@context\":\"https:\/\/schema.org\",\"@graph\":[{\"@type\":\"WebPage\",\"@id\":\"https:\/\/www.gilplastic.com\/es\/empresa\/novedades\/\",\"url\":\"https:\/\/www.gilplastic.com\/es\/empresa\/novedades\/\",\"name\":\"Noticias y actualizaciones de Gilpack\",\"isPartOf\":{\"@id\":\"https:\/\/www.gilplastic.com\/#website\"},\"datePublished\":\"2021-09-13T06:08:09+00:00\",\"dateModified\":\"2023-03-09T17:22:30+00:00\",\"description\":\"Mantente al d\u00eda con las \u00faltimas noticias y actualizaciones de Gilpack. Mantente informado sobre nuevos productos, servicios, eventos, ofertas y m\u00e1s a trav\u00e9s de nuestra p\u00e1gina de noticias.\",\"breadcrumb\":{\"@id\":\"https:\/\/www.gilplastic.com\/es\/empresa\/novedades\/#breadcrumb\"},\"inLanguage\":\"es\",\"potentialAction\":[{\"@type\":\"ReadAction\",\"target\":[\"https:\/\/www.gilplastic.com\/es\/empresa\/novedades\/\"]}]},{\"@type\":\"BreadcrumbList\",\"@id\":\"https:\/\/www.gilplastic.com\/es\/empresa\/novedades\/#breadcrumb\",\"itemListElement\":[{\"@type\":\"ListItem\",\"position\":1,\"name\":\"Home\",\"item\":\"https:\/\/www.gilplastic.com\/es\/\"},{\"@type\":\"ListItem\",\"position\":2,\"name\":\"Empresa\",\"item\":\"https:\/\/www.gilplastic.com\/es\/empresa\/\"},{\"@type\":\"ListItem\",\"position\":3,\"name\":\"Novedades\"}]},{\"@type\":\"WebSite\",\"@id\":\"https:\/\/www.gilplastic.com\/#website\",\"url\":\"https:\/\/www.gilplastic.com\/\",\"name\":\"GilPack\",\"description\":\"\",\"publisher\":{\"@id\":\"https:\/\/www.gilplastic.com\/#organization\"},\"potentialAction\":[{\"@type\":\"SearchAction\",\"target\":{\"@type\":\"EntryPoint\",\"urlTemplate\":\"https:\/\/www.gilplastic.com\/?s={search_term_string}\"},\"query-input\":{\"@type\":\"PropertyValueSpecification\",\"valueRequired\":true,\"valueName\":\"search_term_string\"}}],\"inLanguage\":\"es\"},{\"@type\":\"Organization\",\"@id\":\"https:\/\/www.gilplastic.com\/#organization\",\"name\":\"GilPack\",\"url\":\"https:\/\/www.gilplastic.com\/\",\"logo\":{\"@type\":\"ImageObject\",\"inLanguage\":\"es\",\"@id\":\"https:\/\/www.gilplastic.com\/#\/schema\/logo\/image\/\",\"url\":\"https:\/\/www.gilplastic.com\/wp-content\/uploads\/2021\/06\/logo-e1623762470830.png\",\"contentUrl\":\"https:\/\/www.gilplastic.com\/wp-content\/uploads\/2021\/06\/logo-e1623762470830.png\",\"width\":164,\"height\":52,\"caption\":\"GilPack\"},\"image\":{\"@id\":\"https:\/\/www.gilplastic.com\/#\/schema\/logo\/image\/\"}}]}<\/script>\n<!-- \/ Yoast SEO plugin. -->","yoast_head_json":{"title":"Noticias y actualizaciones de Gilpack","description":"Mantente al d\u00eda con las \u00faltimas noticias y actualizaciones de Gilpack. Mantente informado sobre nuevos productos, servicios, eventos, ofertas y m\u00e1s a trav\u00e9s de nuestra p\u00e1gina de noticias.","robots":{"index":"index","follow":"follow","max-snippet":"max-snippet:-1","max-image-preview":"max-image-preview:large","max-video-preview":"max-video-preview:-1"},"canonical":"https:\/\/www.gilplastic.com\/es\/empresa\/novedades\/","og_locale":"es_ES","og_type":"article","og_title":"Noticias y actualizaciones de Gilpack","og_description":"Mantente al d\u00eda con las \u00faltimas noticias y actualizaciones de Gilpack. Mantente informado sobre nuevos productos, servicios, eventos, ofertas y m\u00e1s a trav\u00e9s de nuestra p\u00e1gina de noticias.","og_url":"https:\/\/www.gilplastic.com\/es\/empresa\/novedades\/","og_site_name":"GilPack","article_modified_time":"2023-03-09T17:22:30+00:00","twitter_card":"summary_large_image","schema":{"@context":"https:\/\/schema.org","@graph":[{"@type":"WebPage","@id":"https:\/\/www.gilplastic.com\/es\/empresa\/novedades\/","url":"https:\/\/www.gilplastic.com\/es\/empresa\/novedades\/","name":"Noticias y actualizaciones de Gilpack","isPartOf":{"@id":"https:\/\/www.gilplastic.com\/#website"},"datePublished":"2021-09-13T06:08:09+00:00","dateModified":"2023-03-09T17:22:30+00:00","description":"Mantente al d\u00eda con las \u00faltimas noticias y actualizaciones de Gilpack. Mantente informado sobre nuevos productos, servicios, eventos, ofertas y m\u00e1s a trav\u00e9s de nuestra p\u00e1gina de noticias.","breadcrumb":{"@id":"https:\/\/www.gilplastic.com\/es\/empresa\/novedades\/#breadcrumb"},"inLanguage":"es","potentialAction":[{"@type":"ReadAction","target":["https:\/\/www.gilplastic.com\/es\/empresa\/novedades\/"]}]},{"@type":"BreadcrumbList","@id":"https:\/\/www.gilplastic.com\/es\/empresa\/novedades\/#breadcrumb","itemListElement":[{"@type":"ListItem","position":1,"name":"Home","item":"https:\/\/www.gilplastic.com\/es\/"},{"@type":"ListItem","position":2,"name":"Empresa","item":"https:\/\/www.gilplastic.com\/es\/empresa\/"},{"@type":"ListItem","position":3,"name":"Novedades"}]},{"@type":"WebSite","@id":"https:\/\/www.gilplastic.com\/#website","url":"https:\/\/www.gilplastic.com\/","name":"GilPack","description":"","publisher":{"@id":"https:\/\/www.gilplastic.com\/#organization"},"potentialAction":[{"@type":"SearchAction","target":{"@type":"EntryPoint","urlTemplate":"https:\/\/www.gilplastic.com\/?s={search_term_string}"},"query-input":{"@type":"PropertyValueSpecification","valueRequired":true,"valueName":"search_term_string"}}],"inLanguage":"es"},{"@type":"Organization","@id":"https:\/\/www.gilplastic.com\/#organization","name":"GilPack","url":"https:\/\/www.gilplastic.com\/","logo":{"@type":"ImageObject","inLanguage":"es","@id":"https:\/\/www.gilplastic.com\/#\/schema\/logo\/image\/","url":"https:\/\/www.gilplastic.com\/wp-content\/uploads\/2021\/06\/logo-e1623762470830.png","contentUrl":"https:\/\/www.gilplastic.com\/wp-content\/uploads\/2021\/06\/logo-e1623762470830.png","width":164,"height":52,"caption":"GilPack"},"image":{"@id":"https:\/\/www.gilplastic.com\/#\/schema\/logo\/image\/"}}]}},"_links":{"self":[{"href":"https:\/\/www.gilplastic.com\/es\/wp-json\/wp\/v2\/pages\/2350","targetHints":{"allow":["GET"]}}],"collection":[{"href":"https:\/\/www.gilplastic.com\/es\/wp-json\/wp\/v2\/pages"}],"about":[{"href":"https:\/\/www.gilplastic.com\/es\/wp-json\/wp\/v2\/types\/page"}],"author":[{"embeddable":true,"href":"https:\/\/www.gilplastic.com\/es\/wp-json\/wp\/v2\/users\/1"}],"replies":[{"embeddable":true,"href":"https:\/\/www.gilplastic.com\/es\/wp-json\/wp\/v2\/comments?post=2350"}],"version-history":[{"count":2,"href":"https:\/\/www.gilplastic.com\/es\/wp-json\/wp\/v2\/pages\/2350\/revisions"}],"predecessor-version":[{"id":2352,"href":"https:\/\/www.gilplastic.com\/es\/wp-json\/wp\/v2\/pages\/2350\/revisions\/2352"}],"up":[{"embeddable":true,"href":"https:\/\/www.gilplastic.com\/es\/wp-json\/wp\/v2\/pages\/1329"}],"wp:attachment":[{"href":"https:\/\/www.gilplastic.com\/es\/wp-json\/wp\/v2\/media?parent=2350"}],"curies":[{"name":"wp","href":"https:\/\/api.w.org\/{rel}","templated":true}]}}